{"id":495,"date":"2023-10-26T12:10:06","date_gmt":"2023-10-26T17:10:06","guid":{"rendered":"https:\/\/ilionsystems.com\/uartesep\/?page_id=495"},"modified":"2023-10-31T13:28:25","modified_gmt":"2023-10-31T18:28:25","slug":"blog-noticias","status":"publish","type":"page","link":"https:\/\/uartesep.gob.ec\/index.php\/blog-noticias\/","title":{"rendered":"Noticias"},"content":{"rendered":"<section class=\"wpb-content-wrapper\"><style id=\"sp_pcp_dynamic_style375\">#pcp_wrapper-375:not(.sps-glossary-layout) .sp-pcp-row,#pcp_wrapper-375 .sps-glossary-items-group .sps-glossary-items-content {margin-right: -10px;margin-left: -10px;}#pcp_wrapper-375 .sp-pcp-row [class*='sp-pcp-col-']{padding-right: 10px;padding-left: 10px; padding-bottom:20px;}.pcp-wrapper-375 .sp-pcp-title a {color: #111;display: inherit;} .pcp-wrapper-375 .sp-pcp-title a:hover {color: #e1624b;}.pcp-wrapper-375 .sp-pcp-post-content{color: #444; }#pcp_wrapper-375 .sp-pcp-post {padding: 0 0 0 0;}#pcp_wrapper-375.sp-slider_layout .sp-pcp-post .sp-pcp-post-details {top: 0; right:0; bottom:0; left:0;}#pcp_wrapper-375 .sp-pcp-post {border: 0px solid #e2e2e2; border-radius: 0px }#pcp_wrapper-375 .sp-pcp-post{background-color: transparent;}#pcp_wrapper-375 .pcp-post-thumb-wrapper{border: 0px solid #dddddd;border-radius:0px;}.pcp-wrapper-375 .sp-pcp-post-meta li,.pcp-wrapper-375 .sp-pcp-post-meta ul,.pcp-wrapper-375 .sp-pcp-post-meta li a{color: #888;}.pcp-wrapper-375 .sp-pcp-post-meta li a:hover{color: #e1624b;}#pcp_wrapper-375 .pcp-readmore-link{ background: transparent; color: #111; border: 1px solid #888; border-radius: 0px; } #pcp_wrapper-375 .pcp-readmore-link:hover { background-color: #e1624b; color: #fff; border-color: #e1624b; }#pcp_wrapper-375 .pcp-post-pagination .page-numbers.current, #pcp_wrapper-375 .pcp-post-pagination a.active , #pcp_wrapper-375 .pcp-post-pagination a:hover{ color: #ffffff; background: #e1624b; border-color: #e1624b; }#pcp_wrapper-375 .pcp-post-pagination .page-numbers, .pcp-post-pagination a{ background: #ffffff; color:#5e5e5e; border: 2px solid #bbbbbb;border-radius: 2px; }#pcp_wrapper-375 .pcp-post-pagination{text-align: left;}@media (min-width: 1200px) {.sp-pcp-row .sp-pcp-col-xl-1 {flex: 0 0 100%;}.sp-pcp-row .sp-pcp-col-xl-2 {flex: 1 1 calc( 50% - 20px);}.sp-pcp-row .sp-pcp-col-xl-3 {flex: 1 1 calc( 33.333% - 20px);}.sp-pcp-row .sp-pcp-col-xl-4 {flex: 1 1 calc( 25% - 20px);}.sp-pcp-row .sp-pcp-col-xl-5 { flex: 1 1 calc( 20% - 20px);}.sp-pcp-row .sp-pcp-col-xl-6 {flex: 1 1 calc( 16.66666666666667% - 20px);}.sp-pcp-row .sp-pcp-col-xl-7 {flex: 1 1 calc( 14.28571428% - 20px);}.sp-pcp-row .sp-pcp-col-xl-8 {flex: 1 1 calc( 12.5% - 20px);}}@media (max-width: 1200px) {.sp-pcp-row .sp-pcp-col-lg-1 {flex: 0 0 100%;}.sp-pcp-row .sp-pcp-col-lg-2 {flex: 1 1 calc( 50% - 20px);}.sp-pcp-row .sp-pcp-col-lg-3 {flex: 1 1 calc( 33.333% - 20px);}.sp-pcp-row .sp-pcp-col-lg-4 {flex: 1 1 calc( 25% - 20px);}.sp-pcp-row .sp-pcp-col-lg-5 { flex: 1 1 calc( 20% - 20px);}.sp-pcp-row .sp-pcp-col-lg-6 {flex: 1 1 calc( 16.66666666666667% - 20px);}.sp-pcp-row .sp-pcp-col-lg-7 {flex: 1 1 calc( 14.28571428% - 20px);}.sp-pcp-row .sp-pcp-col-lg-8 {flex: 1 1 calc( 12.5% - 20px);}}@media (max-width: 992px) {.sp-pcp-row .sp-pcp-col-md-1 {flex: 0 0 100%;}.sp-pcp-row .sp-pcp-col-md-2 {flex: 1 1 calc( 50% - 20px);}.sp-pcp-row .sp-pcp-col-md-2-5 {flex: 0 0 75%;}.sp-pcp-row .sp-pcp-col-md-3 {flex: 1 1 calc( 33.333% - 20px);}.sp-pcp-row .sp-pcp-col-md-4 {flex: 1 1 calc( 25% - 20px);}.sp-pcp-row .sp-pcp-col-md-5 { flex: 1 1 calc( 20% - 20px);}.sp-pcp-row .sp-pcp-col-md-6 {flex: 1 1 calc( 16.66666666666667% - 20px);}.sp-pcp-row .sp-pcp-col-md-7 {flex: 1 1 calc( 14.28571428% - 20px);}.sp-pcp-row .sp-pcp-col-md-8 {flex: 1 1 calc( 12.5% - 20px);}}@media (max-width: 768px) {.sp-pcp-row .sp-pcp-col-sm-1 {flex: 0 0 100%;}.sp-pcp-row .sp-pcp-col-sm-2 {flex: 1 1 calc( 50% - 20px);}.sp-pcp-row .sp-pcp-col-sm-2-5 {flex: 0 0 75%;}.sp-pcp-row .sp-pcp-col-sm-3 {flex: 1 1 calc( 33.333% - 20px);}.sp-pcp-row .sp-pcp-col-sm-4 {flex: 1 1 calc( 25% - 20px);}.sp-pcp-row .sp-pcp-col-sm-5 { flex: 1 1 calc( 20% - 20px);}.sp-pcp-row .sp-pcp-col-sm-6 {flex: 1 1 calc( 16.66666666666667% - 20px);}.sp-pcp-row .sp-pcp-col-sm-7 {flex: 1 1 calc( 14.28571428% - 20px);}.sp-pcp-row .sp-pcp-col-sm-8 {flex: 1 1 calc( 12.5% - 20px);}}@media (max-width: 420px) {.sp-pcp-row .sp-pcp-col-xs-1 {flex: 0 0 100%;}.sp-pcp-row .sp-pcp-col-xs-2 {flex: 1 1 calc( 50% - 20px);}.sp-pcp-row .sp-pcp-col-xs-3 {flex: 1 1 calc( 33.333% - 20px);}.sp-pcp-row .sp-pcp-col-xs-4 {flex: 1 1 calc( 25% - 20px);}.sp-pcp-row .sp-pcp-col-xs-5 { flex: 1 1 calc( 20% - 20px);}.sp-pcp-row .sp-pcp-col-xs-6 {flex: 1 1 calc( 16.66666666666667% - 20px);}.sp-pcp-row .sp-pcp-col-xs-7 {flex: 1 1 calc( 14.28571428% - 20px);}.sp-pcp-row .sp-pcp-col-xs-8 {flex: 1 1 calc( 12.5% - 20px);}}<\/style>\n<div id=\"pcp_wrapper-375\" class=\"sp-pcp-section sp-pcp-container pcp-wrapper-375\">\n\t<div class=\"sp-pcp-row\">\n\t\t\t\t<div class=\" sp-pcp-col-xs-1 sp-pcp-col-sm-2 sp-pcp-col-md-3 sp-pcp-col-lg-4 sp-pcp-col-xl-4\">\n\t\t\t\t\t\t<div class=\"sp-pcp-post pcp-item-2764\" data-id=\"2764\">\n\t\t\t\t\t\t\t\t<div class=\"pcp-post-thumb-wrapper\">\n\t\t\t\t\t<div class=\"sp-pcp-post-thumb-area\">\n\t\t\t\t\t\t\t\t\t\t\t\t<a class=\"sp-pcp-thumb\" href=\"https:\/\/uartesep.gob.ec\/index.php\/la-defensoriadelpueblo-invita-al-conversatorio-virtual\/\" target=\"_self\" >\n\t\t\t\t\t\t\t\t\t\t\t\t\t<img loading=\"lazy\" decoding=\"async\" src=\"https:\/\/uartesep.gob.ec\/wp-content\/uploads\/2026\/03\/Captura-2.png\" width=\"892\" height=\"892\" alt=\"\">\n\t\t\t\t\t\t<\/a>\n\t\t\t\t\t<\/div>\n\t\t\t\t<\/div>\n\t\t\t\t\t\t\t<h2 class=\"sp-pcp-title\">\n\t\t\t\t\t\t\t\t\t<a href=\"https:\/\/uartesep.gob.ec\/index.php\/la-defensoriadelpueblo-invita-al-conversatorio-virtual\/\"  target=\"_self\">La #Defensor\u00edaDelPueblo invita al conversatorio virtual<\/a>\t\t\t\t\t\t\t<\/h2>\n\t\t\t\t\t\t<div class=\"sp-pcp-post-meta\">\n\t\t\t<ul><li>\t\t\t\t\t<i class=\"fa fa-user\"><\/i>\n\t\t\t\t\t<a href=\"https:\/\/uartesep.gob.ec\/index.php\/author\/uartesep\/\"\n\t\t\t\t\t\trel=\"author\">UArtesEP<\/a>\n\t\t\t\t\t<\/li> <li>\t\t\t\t\t<i class=\"fa fa-calendar\"><\/i>\n\t\t\t\t\t<time class=\"entry-date published updated\">marzo 11, 2026<\/time>\n\t\t\t\t\t<\/li><\/ul>\t\t<\/div>\n\t\t\t\t\t<div class=\"sp-pcp-post-content\">\n\t\t\t<p>\ud83d\udce9 La #Defensor\u00edaDelPueblo invita al conversatorio virtual: &#8220;Transparencia y acceso a la informaci\u00f3n p\u00fablica: una mirada desde las mujeres&#8221; \ud83d\uddd3\ufe0f12 de marzo de 2026 \u23f010:00 \ud83d\uddb1\ufe0f Con\u00e9ctate en Teams\u27a1\ufe0f https:\/\/lnkd.in\/e5MiDD_U [&hellip;]<\/p>\n\t\t<div class=\"sp-pcp-readmore\">\n\t\t\t\t\t\t\t<a class=\"pcp-readmore-link\" target=\"_self\" href=\"https:\/\/uartesep.gob.ec\/index.php\/la-defensoriadelpueblo-invita-al-conversatorio-virtual\/\" >\n\t\t\t\t\t\tLeer m\u00e1s <\/a>\n\t\t<\/div>\n\t\t\t\t\t<\/div>\n\t\t\t\t\t\t<\/div>\n\t\t\t\t\t<\/div>\n\t\t\t\t<div class=\" sp-pcp-col-xs-1 sp-pcp-col-sm-2 sp-pcp-col-md-3 sp-pcp-col-lg-4 sp-pcp-col-xl-4\">\n\t\t\t\t\t\t<div class=\"sp-pcp-post pcp-item-2699\" data-id=\"2699\">\n\t\t\t\t\t\t\t\t<div class=\"pcp-post-thumb-wrapper\">\n\t\t\t\t\t<div class=\"sp-pcp-post-thumb-area\">\n\t\t\t\t\t\t\t\t\t\t\t\t<a class=\"sp-pcp-thumb\" href=\"https:\/\/uartesep.gob.ec\/index.php\/rendicion-de-cuentas-2024-de-la-empresa-publica-de-la-universidad-de-las-artes\/\" target=\"_self\" >\n\t\t\t\t\t\t\t\t\t\t\t\t\t<img loading=\"lazy\" decoding=\"async\" src=\"https:\/\/uartesep.gob.ec\/wp-content\/plugins\/post-carousel\/public\/assets\/img\/placeholder.png\" width=\"600\" height=\"450\" alt=\"\">\n\t\t\t\t\t\t<\/a>\n\t\t\t\t\t<\/div>\n\t\t\t\t<\/div>\n\t\t\t\t\t\t\t<h2 class=\"sp-pcp-title\">\n\t\t\t\t\t\t\t\t\t<a href=\"https:\/\/uartesep.gob.ec\/index.php\/rendicion-de-cuentas-2024-de-la-empresa-publica-de-la-universidad-de-las-artes\/\"  target=\"_self\">Rendici\u00f3n de Cuentas 2024 de la Empresa P\u00fablica de la Universidad de las Artes<\/a>\t\t\t\t\t\t\t<\/h2>\n\t\t\t\t\t\t<div class=\"sp-pcp-post-meta\">\n\t\t\t<ul><li>\t\t\t\t\t<i class=\"fa fa-user\"><\/i>\n\t\t\t\t\t<a href=\"https:\/\/uartesep.gob.ec\/index.php\/author\/auartesep\/\"\n\t\t\t\t\t\trel=\"author\">auartesep<\/a>\n\t\t\t\t\t<\/li> <li>\t\t\t\t\t<i class=\"fa fa-calendar\"><\/i>\n\t\t\t\t\t<time class=\"entry-date published updated\">agosto 20, 2025<\/time>\n\t\t\t\t\t<\/li><\/ul>\t\t<\/div>\n\t\t\t\t\t<div class=\"sp-pcp-post-content\">\n\t\t\t<p>&nbsp; &nbsp; https:\/\/www.uartes.edu.ec\/sitio\/blog\/2025\/07\/26\/rendicion-de-cuentas-2024-de-la-empresa-publica-de-la-universidad-de-las-artes\/ El 2024 fue el segundo a\u00f1o de operaciones de la Empresa P\u00fablica de la Universidad de las Artes, UArtes EP, el cual estuvo marcado por m\u00faltiples desaf\u00edos, [&hellip;]<\/p>\n\t\t<div class=\"sp-pcp-readmore\">\n\t\t\t\t\t\t\t<a class=\"pcp-readmore-link\" target=\"_self\" href=\"https:\/\/uartesep.gob.ec\/index.php\/rendicion-de-cuentas-2024-de-la-empresa-publica-de-la-universidad-de-las-artes\/\" >\n\t\t\t\t\t\tLeer m\u00e1s <\/a>\n\t\t<\/div>\n\t\t\t\t\t<\/div>\n\t\t\t\t\t\t<\/div>\n\t\t\t\t\t<\/div>\n\t\t\t\t<div class=\" sp-pcp-col-xs-1 sp-pcp-col-sm-2 sp-pcp-col-md-3 sp-pcp-col-lg-4 sp-pcp-col-xl-4\">\n\t\t\t\t\t\t<div class=\"sp-pcp-post pcp-item-2680\" data-id=\"2680\">\n\t\t\t\t\t\t\t\t<div class=\"pcp-post-thumb-wrapper\">\n\t\t\t\t\t<div class=\"sp-pcp-post-thumb-area\">\n\t\t\t\t\t\t\t\t\t\t\t\t<a class=\"sp-pcp-thumb\" href=\"https:\/\/uartesep.gob.ec\/index.php\/invitacion-a-la-ciudadania-a-la-presentacion-del-curso-virtual-mi-derecho-a-buscar-y-recibir-informacion-publica\/\" target=\"_self\" >\n\t\t\t\t\t\t\t\t\t\t\t\t\t<img loading=\"lazy\" decoding=\"async\" src=\"https:\/\/uartesep.gob.ec\/wp-content\/uploads\/2025\/08\/Invitacion-lanzamiento-MOOC-ciudadania-13.08.2025.jpeg\" width=\"1600\" height=\"1600\" alt=\"\">\n\t\t\t\t\t\t<\/a>\n\t\t\t\t\t<\/div>\n\t\t\t\t<\/div>\n\t\t\t\t\t\t\t<h2 class=\"sp-pcp-title\">\n\t\t\t\t\t\t\t\t\t<a href=\"https:\/\/uartesep.gob.ec\/index.php\/invitacion-a-la-ciudadania-a-la-presentacion-del-curso-virtual-mi-derecho-a-buscar-y-recibir-informacion-publica\/\"  target=\"_self\">Invitaci\u00f3n a la ciudadan\u00eda a la presentaci\u00f3n del curso virtual: \u201cMi derecho a buscar y recibir informaci\u00f3n p\u00fablica&#8221;<\/a>\t\t\t\t\t\t\t<\/h2>\n\t\t\t\t\t\t<div class=\"sp-pcp-post-meta\">\n\t\t\t<ul><li>\t\t\t\t\t<i class=\"fa fa-user\"><\/i>\n\t\t\t\t\t<a href=\"https:\/\/uartesep.gob.ec\/index.php\/author\/auartesep\/\"\n\t\t\t\t\t\trel=\"author\">auartesep<\/a>\n\t\t\t\t\t<\/li> <li>\t\t\t\t\t<i class=\"fa fa-calendar\"><\/i>\n\t\t\t\t\t<time class=\"entry-date published updated\">agosto 7, 2025<\/time>\n\t\t\t\t\t<\/li><\/ul>\t\t<\/div>\n\t\t\t\t\t<div class=\"sp-pcp-post-content\">\n\t\t\t<p>La Defensor\u00eda del Pueblo de Ecuador, en su calidad de Instituci\u00f3n Nacional de Derechos Humanos y de la Naturaleza, que ejerce como \u00f3rgano rector en materia de transparencia y acceso [&hellip;]<\/p>\n\t\t<div class=\"sp-pcp-readmore\">\n\t\t\t\t\t\t\t<a class=\"pcp-readmore-link\" target=\"_self\" href=\"https:\/\/uartesep.gob.ec\/index.php\/invitacion-a-la-ciudadania-a-la-presentacion-del-curso-virtual-mi-derecho-a-buscar-y-recibir-informacion-publica\/\" >\n\t\t\t\t\t\tLeer m\u00e1s <\/a>\n\t\t<\/div>\n\t\t\t\t\t<\/div>\n\t\t\t\t\t\t<\/div>\n\t\t\t\t\t<\/div>\n\t\t\t\t<div class=\" sp-pcp-col-xs-1 sp-pcp-col-sm-2 sp-pcp-col-md-3 sp-pcp-col-lg-4 sp-pcp-col-xl-4\">\n\t\t\t\t\t\t<div class=\"sp-pcp-post pcp-item-2625\" data-id=\"2625\">\n\t\t\t\t\t\t\t\t<div class=\"pcp-post-thumb-wrapper\">\n\t\t\t\t\t<div class=\"sp-pcp-post-thumb-area\">\n\t\t\t\t\t\t\t\t\t\t\t\t<a class=\"sp-pcp-thumb\" href=\"https:\/\/uartesep.gob.ec\/index.php\/tenemos-al-ganador-desde-eas-como-artista-revelacion-en-los-premios-de-punto-rojo\/\" target=\"_self\" >\n\t\t\t\t\t\t\t\t\t\t\t\t\t<img loading=\"lazy\" decoding=\"async\" src=\"https:\/\/uartesep.gob.ec\/wp-content\/uploads\/2025\/05\/ff.png\" width=\"538\" height=\"405\" alt=\"\">\n\t\t\t\t\t\t<\/a>\n\t\t\t\t\t<\/div>\n\t\t\t\t<\/div>\n\t\t\t\t\t\t\t<h2 class=\"sp-pcp-title\">\n\t\t\t\t\t\t\t\t\t<a href=\"https:\/\/uartesep.gob.ec\/index.php\/tenemos-al-ganador-desde-eas-como-artista-revelacion-en-los-premios-de-punto-rojo\/\"  target=\"_self\">Tenemos al ganador desde EAS como artista revelaci\u00f3n en los premios de Punto Rojo<\/a>\t\t\t\t\t\t\t<\/h2>\n\t\t\t\t\t\t<div class=\"sp-pcp-post-meta\">\n\t\t\t<ul><li>\t\t\t\t\t<i class=\"fa fa-user\"><\/i>\n\t\t\t\t\t<a href=\"https:\/\/uartesep.gob.ec\/index.php\/author\/auartesep\/\"\n\t\t\t\t\t\trel=\"author\">auartesep<\/a>\n\t\t\t\t\t<\/li> <li>\t\t\t\t\t<i class=\"fa fa-calendar\"><\/i>\n\t\t\t\t\t<time class=\"entry-date published updated\">mayo 8, 2025<\/time>\n\t\t\t\t\t<\/li><\/ul>\t\t<\/div>\n\t\t\t\t\t<div class=\"sp-pcp-post-content\">\n\t\t\t<p>\u00a1Andr\u00e9th se consagra como Artista Revelaci\u00f3n en los Premios Disco Rojo 2025! Con su carisma, talento y una propuesta musical rom\u00e1ntica, Andr\u00e9th conquist\u00f3 al p\u00fablico y se llev\u00f3 uno de [&hellip;]<\/p>\n\t\t<div class=\"sp-pcp-readmore\">\n\t\t\t\t\t\t\t<a class=\"pcp-readmore-link\" target=\"_self\" href=\"https:\/\/uartesep.gob.ec\/index.php\/tenemos-al-ganador-desde-eas-como-artista-revelacion-en-los-premios-de-punto-rojo\/\" >\n\t\t\t\t\t\tLeer m\u00e1s <\/a>\n\t\t<\/div>\n\t\t\t\t\t<\/div>\n\t\t\t\t\t\t<\/div>\n\t\t\t\t\t<\/div>\n\t\t\t\t<div class=\" sp-pcp-col-xs-1 sp-pcp-col-sm-2 sp-pcp-col-md-3 sp-pcp-col-lg-4 sp-pcp-col-xl-4\">\n\t\t\t\t\t\t<div class=\"sp-pcp-post pcp-item-2616\" data-id=\"2616\">\n\t\t\t\t\t\t\t\t<div class=\"pcp-post-thumb-wrapper\">\n\t\t\t\t\t<div class=\"sp-pcp-post-thumb-area\">\n\t\t\t\t\t\t\t\t\t\t\t\t<a class=\"sp-pcp-thumb\" href=\"https:\/\/uartesep.gob.ec\/index.php\/https-www-instagram-com-reel-djvm30dk_kx-igshbmd6nno3z2c2etrt\/\" target=\"_self\" >\n\t\t\t\t\t\t\t\t\t\t\t\t\t<img loading=\"lazy\" decoding=\"async\" src=\"https:\/\/uartesep.gob.ec\/wp-content\/uploads\/2025\/05\/agua.png\" width=\"658\" height=\"331\" alt=\"\">\n\t\t\t\t\t\t<\/a>\n\t\t\t\t\t<\/div>\n\t\t\t\t<\/div>\n\t\t\t\t\t\t\t<h2 class=\"sp-pcp-title\">\n\t\t\t\t\t\t\t\t\t<a href=\"https:\/\/uartesep.gob.ec\/index.php\/https-www-instagram-com-reel-djvm30dk_kx-igshbmd6nno3z2c2etrt\/\"  target=\"_self\">AGUA Agenda Cultural y Art\u00edstica<\/a>\t\t\t\t\t\t\t<\/h2>\n\t\t\t\t\t\t<div class=\"sp-pcp-post-meta\">\n\t\t\t<ul><li>\t\t\t\t\t<i class=\"fa fa-user\"><\/i>\n\t\t\t\t\t<a href=\"https:\/\/uartesep.gob.ec\/index.php\/author\/auartesep\/\"\n\t\t\t\t\t\trel=\"author\">auartesep<\/a>\n\t\t\t\t\t<\/li> <li>\t\t\t\t\t<i class=\"fa fa-calendar\"><\/i>\n\t\t\t\t\t<time class=\"entry-date published updated\">mayo 8, 2025<\/time>\n\t\t\t\t\t<\/li><\/ul>\t\t<\/div>\n\t\t\t\t\t<div class=\"sp-pcp-post-content\">\n\t\t\t<p>\u00a1Qu\u00e9 hay para hoy! &nbsp; https:\/\/www.uartes.edu.ec\/sitio\/agua\/<\/p>\n\t\t<div class=\"sp-pcp-readmore\">\n\t\t\t\t\t\t\t<a class=\"pcp-readmore-link\" target=\"_self\" href=\"https:\/\/uartesep.gob.ec\/index.php\/https-www-instagram-com-reel-djvm30dk_kx-igshbmd6nno3z2c2etrt\/\" >\n\t\t\t\t\t\tLeer m\u00e1s <\/a>\n\t\t<\/div>\n\t\t\t\t\t<\/div>\n\t\t\t\t\t\t<\/div>\n\t\t\t\t\t<\/div>\n\t\t\t\t<div class=\" sp-pcp-col-xs-1 sp-pcp-col-sm-2 sp-pcp-col-md-3 sp-pcp-col-lg-4 sp-pcp-col-xl-4\">\n\t\t\t\t\t\t<div class=\"sp-pcp-post pcp-item-1021\" data-id=\"1021\">\n\t\t\t\t\t\t\t\t<div class=\"pcp-post-thumb-wrapper\">\n\t\t\t\t\t<div class=\"sp-pcp-post-thumb-area\">\n\t\t\t\t\t\t\t\t\t\t\t\t<a class=\"sp-pcp-thumb\" href=\"https:\/\/uartesep.gob.ec\/index.php\/latente-mas-que-una-tienda-un-escaparate-para-las-historias-detras-del-arte-local\/\" target=\"_self\" >\n\t\t\t\t\t\t\t\t\t\t\t\t\t<img loading=\"lazy\" decoding=\"async\" src=\"https:\/\/uartesep.gob.ec\/wp-content\/uploads\/2023\/12\/IMG_5910-1-scaled.jpg\" width=\"2560\" height=\"2560\" alt=\"\">\n\t\t\t\t\t\t<\/a>\n\t\t\t\t\t<\/div>\n\t\t\t\t<\/div>\n\t\t\t\t\t\t\t<h2 class=\"sp-pcp-title\">\n\t\t\t\t\t\t\t\t\t<a href=\"https:\/\/uartesep.gob.ec\/index.php\/latente-mas-que-una-tienda-un-escaparate-para-las-historias-detras-del-arte-local\/\"  target=\"_self\">LATENTE: m\u00e1s que una tienda, un escaparate para las historias detr\u00e1s del arte local<\/a>\t\t\t\t\t\t\t<\/h2>\n\t\t\t\t\t\t<div class=\"sp-pcp-post-meta\">\n\t\t\t<ul><li>\t\t\t\t\t<i class=\"fa fa-user\"><\/i>\n\t\t\t\t\t<a href=\"https:\/\/uartesep.gob.ec\/index.php\/author\/uartesep\/\"\n\t\t\t\t\t\trel=\"author\">UArtesEP<\/a>\n\t\t\t\t\t<\/li> <li>\t\t\t\t\t<i class=\"fa fa-calendar\"><\/i>\n\t\t\t\t\t<time class=\"entry-date published updated\">diciembre 8, 2023<\/time>\n\t\t\t\t\t<\/li><\/ul>\t\t<\/div>\n\t\t\t\t\t<div class=\"sp-pcp-post-content\">\n\t\t\t<p>La comercializaci\u00f3n de bienes art\u00edsticos en nuestro medio suele atravesar el fen\u00f3meno de la precariedad, en tanto que el imaginario colectivo a\u00fan comprende al arte como una expresi\u00f3n elitista, ajena [&hellip;]<\/p>\n\t\t<div class=\"sp-pcp-readmore\">\n\t\t\t\t\t\t\t<a class=\"pcp-readmore-link\" target=\"_self\" href=\"https:\/\/uartesep.gob.ec\/index.php\/latente-mas-que-una-tienda-un-escaparate-para-las-historias-detras-del-arte-local\/\" >\n\t\t\t\t\t\tLeer m\u00e1s <\/a>\n\t\t<\/div>\n\t\t\t\t\t<\/div>\n\t\t\t\t\t\t<\/div>\n\t\t\t\t\t<\/div>\n\t\t\t\t<div class=\" sp-pcp-col-xs-1 sp-pcp-col-sm-2 sp-pcp-col-md-3 sp-pcp-col-lg-4 sp-pcp-col-xl-4\">\n\t\t\t\t\t\t<div class=\"sp-pcp-post pcp-item-1014\" data-id=\"1014\">\n\t\t\t\t\t\t\t\t<div class=\"pcp-post-thumb-wrapper\">\n\t\t\t\t\t<div class=\"sp-pcp-post-thumb-area\">\n\t\t\t\t\t\t\t\t\t\t\t\t<a class=\"sp-pcp-thumb\" href=\"https:\/\/uartesep.gob.ec\/index.php\/guayaquil-a-pie-una-oportunidad-para-reconocer-la-ciudad\/\" target=\"_self\" >\n\t\t\t\t\t\t\t\t\t\t\t\t\t<img loading=\"lazy\" decoding=\"async\" src=\"https:\/\/uartesep.gob.ec\/wp-content\/uploads\/2023\/12\/Guayaquil-a-Pie-3.jpeg\" width=\"768\" height=\"1024\" alt=\"\">\n\t\t\t\t\t\t<\/a>\n\t\t\t\t\t<\/div>\n\t\t\t\t<\/div>\n\t\t\t\t\t\t\t<h2 class=\"sp-pcp-title\">\n\t\t\t\t\t\t\t\t\t<a href=\"https:\/\/uartesep.gob.ec\/index.php\/guayaquil-a-pie-una-oportunidad-para-reconocer-la-ciudad\/\"  target=\"_self\">Guayaquil a pie, una oportunidad para (re)conocer la ciudad<\/a>\t\t\t\t\t\t\t<\/h2>\n\t\t\t\t\t\t<div class=\"sp-pcp-post-meta\">\n\t\t\t<ul><li>\t\t\t\t\t<i class=\"fa fa-user\"><\/i>\n\t\t\t\t\t<a href=\"https:\/\/uartesep.gob.ec\/index.php\/author\/uartesep\/\"\n\t\t\t\t\t\trel=\"author\">UArtesEP<\/a>\n\t\t\t\t\t<\/li> <li>\t\t\t\t\t<i class=\"fa fa-calendar\"><\/i>\n\t\t\t\t\t<time class=\"entry-date published updated\">diciembre 7, 2023<\/time>\n\t\t\t\t\t<\/li><\/ul>\t\t<\/div>\n\t\t\t\t\t<div class=\"sp-pcp-post-content\">\n\t\t\t<p>[vc_row][vc_column][vc_row_inner][vc_column_inner][vc_empty_space][\/vc_column_inner][\/vc_row_inner][\/vc_column][\/vc_row][vc_row][vc_column][vc_column_text] Caminar por Guayaquil suele ser una pr\u00e1ctica que persigue la resoluci\u00f3n de alg\u00fan tr\u00e1mite o el mero desplazamiento que implica la b\u00fasqueda de un producto o servicio. En tal [&hellip;]<\/p>\n\t\t<div class=\"sp-pcp-readmore\">\n\t\t\t\t\t\t\t<a class=\"pcp-readmore-link\" target=\"_self\" href=\"https:\/\/uartesep.gob.ec\/index.php\/guayaquil-a-pie-una-oportunidad-para-reconocer-la-ciudad\/\" >\n\t\t\t\t\t\tLeer m\u00e1s <\/a>\n\t\t<\/div>\n\t\t\t\t\t<\/div>\n\t\t\t\t\t\t<\/div>\n\t\t\t\t\t<\/div>\n\t\t\t\t<div class=\" sp-pcp-col-xs-1 sp-pcp-col-sm-2 sp-pcp-col-md-3 sp-pcp-col-lg-4 sp-pcp-col-xl-4\">\n\t\t\t\t\t\t<div class=\"sp-pcp-post pcp-item-424\" data-id=\"424\">\n\t\t\t\t\t\t\t\t<div class=\"pcp-post-thumb-wrapper\">\n\t\t\t\t\t<div class=\"sp-pcp-post-thumb-area\">\n\t\t\t\t\t\t\t\t\t\t\t\t<a class=\"sp-pcp-thumb\" href=\"https:\/\/uartesep.gob.ec\/index.php\/eres-artista-y-tienes-tu-propia-linea-de-merch\/\" target=\"_self\" >\n\t\t\t\t\t\t\t\t\t\t\t\t\t<img loading=\"lazy\" decoding=\"async\" src=\"https:\/\/uartesep.gob.ec\/wp-content\/uploads\/2023\/10\/n04.jpg\" width=\"1440\" height=\"1440\" alt=\"\">\n\t\t\t\t\t\t<\/a>\n\t\t\t\t\t<\/div>\n\t\t\t\t<\/div>\n\t\t\t\t\t\t\t<h2 class=\"sp-pcp-title\">\n\t\t\t\t\t\t\t\t\t<a href=\"https:\/\/uartesep.gob.ec\/index.php\/eres-artista-y-tienes-tu-propia-linea-de-merch\/\"  target=\"_self\">\u00bfEres artista y tienes tu propia l\u00ednea de merch?<\/a>\t\t\t\t\t\t\t<\/h2>\n\t\t\t\t\t\t<div class=\"sp-pcp-post-meta\">\n\t\t\t<ul><li>\t\t\t\t\t<i class=\"fa fa-user\"><\/i>\n\t\t\t\t\t<a href=\"https:\/\/uartesep.gob.ec\/index.php\/author\/uartesep\/\"\n\t\t\t\t\t\trel=\"author\">UArtesEP<\/a>\n\t\t\t\t\t<\/li> <li>\t\t\t\t\t<i class=\"fa fa-calendar\"><\/i>\n\t\t\t\t\t<time class=\"entry-date published updated\">octubre 5, 2023<\/time>\n\t\t\t\t\t<\/li><\/ul>\t\t<\/div>\n\t\t\t\t\t<div class=\"sp-pcp-post-content\">\n\t\t\t<p>\u00bfEres artista y tienes tu propia l\u00ednea de merch? \u00bfCreas y elaboras productos originales? \u00a1Entonces esta convocatoria es para ti! Revisa las bases de la convocatoria en el link de [&hellip;]<\/p>\n\t\t<div class=\"sp-pcp-readmore\">\n\t\t\t\t\t\t\t<a class=\"pcp-readmore-link\" target=\"_self\" href=\"https:\/\/uartesep.gob.ec\/index.php\/eres-artista-y-tienes-tu-propia-linea-de-merch\/\" >\n\t\t\t\t\t\tLeer m\u00e1s <\/a>\n\t\t<\/div>\n\t\t\t\t\t<\/div>\n\t\t\t\t\t\t<\/div>\n\t\t\t\t\t<\/div>\n\t\t\t<\/div>\n\t\t<span class=\"sp-pcp-pagination-data\" style=\"display:none;\"><\/span>\n\n\t\t<nav class=\"pcp-post-pagination pcp-on-desktop\">\n\t\t\t\t\t<\/nav>\n\t\t\t\t\t<nav class=\"pcp-post-pagination pcp-on-mobile\">\n\t\t\t\t\t<\/nav>\n\t\t\t\t<\/div>\n\n<\/section>","protected":false},"excerpt":{"rendered":"\u00bfEres artista y tienes tu propia l\u00ednea de merch? \u00bfCreas y elaboras productos originales? \u00a1Entonces esta convocatoria es para ti! Revisa las bases de la convocatoria en el link de [...]","protected":false},"author":1,"featured_media":0,"parent":0,"menu_order":0,"comment_status":"closed","ping_status":"closed","template":"","meta":{"site-sidebar-layout":"no-sidebar","site-content-layout":"","ast-site-content-layout":"default","site-content-style":"default","site-sidebar-style":"default","ast-global-header-display":"","ast-banner-title-visibility":"","ast-main-header-display":"","ast-hfb-above-header-display":"","ast-hfb-below-header-display":"","ast-hfb-mobile-header-display":"","site-post-title":"","ast-breadcrumbs-content":"","ast-featured-img":"","footer-sml-layout":"","theme-transparent-header-meta":"default","adv-header-id-meta":"","stick-header-meta":"","header-above-stick-meta":"","header-main-stick-meta":"","header-below-stick-meta":"","astra-migrate-meta-layouts":"set","ast-page-background-enabled":"default","ast-page-background-meta":{"desktop":{"background-color":"var(--ast-global-color-4)","background-image":"","background-repeat":"repeat","background-position":"center center","background-size":"auto","background-attachment":"scroll","background-type":"","background-media":"","overlay-type":"","overlay-color":"","overlay-opacity":"","overlay-gradient":""},"tablet":{"background-color":"","background-image":"","background-repeat":"repeat","background-position":"center center","background-size":"auto","background-attachment":"scroll","background-type":"","background-media":"","overlay-type":"","overlay-color":"","overlay-opacity":"","overlay-gradient":""},"mobile":{"background-color":"","background-image":"","background-repeat":"repeat","background-position":"center center","background-size":"auto","background-attachment":"scroll","background-type":"","background-media":"","overlay-type":"","overlay-color":"","overlay-opacity":"","overlay-gradient":""}},"ast-content-background-meta":{"desktop":{"background-color":"var(--ast-global-color-5)","background-image":"","background-repeat":"repeat","background-position":"center center","background-size":"auto","background-attachment":"scroll","background-type":"","background-media":"","overlay-type":"","overlay-color":"","overlay-opacity":"","overlay-gradient":""},"tablet":{"background-color":"var(--ast-global-color-5)","background-image":"","background-repeat":"repeat","background-position":"center center","background-size":"auto","background-attachment":"scroll","background-type":"","background-media":"","overlay-type":"","overlay-color":"","overlay-opacity":"","overlay-gradient":""},"mobile":{"background-color":"var(--ast-global-color-5)","background-image":"","background-repeat":"repeat","background-position":"center center","background-size":"auto","background-attachment":"scroll","background-type":"","background-media":"","overlay-type":"","overlay-color":"","overlay-opacity":"","overlay-gradient":""}},"footnotes":""},"class_list":["post-495","page","type-page","status-publish","hentry"],"_links":{"self":[{"href":"https:\/\/uartesep.gob.ec\/index.php\/wp-json\/wp\/v2\/pages\/495","targetHints":{"allow":["GET"]}}],"collection":[{"href":"https:\/\/uartesep.gob.ec\/index.php\/wp-json\/wp\/v2\/pages"}],"about":[{"href":"https:\/\/uartesep.gob.ec\/index.php\/wp-json\/wp\/v2\/types\/page"}],"author":[{"embeddable":true,"href":"https:\/\/uartesep.gob.ec\/index.php\/wp-json\/wp\/v2\/users\/1"}],"replies":[{"embeddable":true,"href":"https:\/\/uartesep.gob.ec\/index.php\/wp-json\/wp\/v2\/comments?post=495"}],"version-history":[{"count":2,"href":"https:\/\/uartesep.gob.ec\/index.php\/wp-json\/wp\/v2\/pages\/495\/revisions"}],"predecessor-version":[{"id":585,"href":"https:\/\/uartesep.gob.ec\/index.php\/wp-json\/wp\/v2\/pages\/495\/revisions\/585"}],"wp:attachment":[{"href":"https:\/\/uartesep.gob.ec\/index.php\/wp-json\/wp\/v2\/media?parent=495"}],"curies":[{"name":"wp","href":"https:\/\/api.w.org\/{rel}","templated":true}]}}