{"id":329,"date":"2023-10-04T15:09:06","date_gmt":"2023-10-04T15:09:06","guid":{"rendered":"https:\/\/ilionsystems.com\/uartesep\/?page_id=329"},"modified":"2023-12-20T10:13:24","modified_gmt":"2023-12-20T15:13:24","slug":"eventos","status":"publish","type":"page","link":"https:\/\/uartesep.gob.ec\/index.php\/eventos\/","title":{"rendered":"Eventos"},"content":{"rendered":"<p style=\"text-align: justify;\">UArtes EP cuenta con un equipo de artistas y expertos en distintas disciplinas que trabajar\u00e1n de cerca contigo para dar vida a tus ideas m\u00e1s audaces. La planificaci\u00f3n y organizaci\u00f3n son aspectos cruciales para el \u00e9xito de cualquiera de tus ideas. No importa si est\u00e1s planeando una exposici\u00f3n, un festival de cine o una noche cultural, nuestro equipo se asegurar\u00e1 de cubrir cada detalle.<br \/>\nD\u00e9janos transformar tu visi\u00f3n en una experiencia inolvidable. Nuestro equipo especializado en eventos art\u00edsticos y culturales personalizados se encargar\u00e1 de cada detalle, desde la conceptualizaci\u00f3n hasta la ejecuci\u00f3n. Garantizamos un evento \u00fanico que resonar\u00e1 en la memoria de tus invitados.<\/p>\n<p style=\"text-align: justify;\"><strong>Guayaquil a pie<\/strong><br \/>\nAnte la necesidad de dar a conocer la variedad de exhibiciones art\u00edsticas y culturales de nuestra ciudad, la Universidad de las Artes, desde su empresa p\u00fablica, ha creado la iniciativa <em>Guayaquil a Pie<\/em>. Esta actividad se ha planteado desde el dise\u00f1o de rutas basadas en una experiencia de inmersi\u00f3n y reconocimiento de los procesos que componen la producci\u00f3n art\u00edstica local. As\u00ed, el proyecto de reactivaci\u00f3n del corredor cultural de Guayaquil se propone como objetivo que los habitantes de la ciudad y sus visitantes se conviertan en p\u00fablicos asiduos de la oferta art\u00edstica y cultural del centro de la urbe. Esto a trav\u00e9s de la invitaci\u00f3n a redescubrir su historia, cultura, arquitectura y producci\u00f3n art\u00edstica, por medio de visitas a espacios patrimoniales, art\u00edsticos y culturales, buscando fomentar el sentido de pertenencia territorial y social en los ciudadanos.<\/p>\n<style>#jtg-976 .modula-item { box-shadow: #e2e2e2 0px 0px 2px; }#jtg-976 .modula-item .jtg-social a, .lightbox-socials.jtg-social a{ fill: #ffffff; color: #ffffff }#jtg-976 .modula-item .jtg-social-mobile a{ fill: #ffffff; color: #ffffff }#jtg-976 .modula-item .jtg-social svg, .lightbox-socials.jtg-social svg { height: 16px; width: 16px }#jtg-976 .modula-item .jtg-social-mobile svg { height: 16px; width: 16px }#jtg-976 .modula-item .jtg-social a:not(:last-child), .lightbox-socials.jtg-social a:not(:last-child) { margin-right: 10px }#jtg-976 .modula-item .jtg-social-mobile .jtg-social-mobile-icons a:not(:last-child){ margin-right: 10px }#jtg-976 .modula-item .figc {}#jtg-976 .modula-item .modula-item-content { transform: scale(1) }#jtg-976 { width:100%;}#jtg-976 .modula-items{height:800px;}@media screen and (max-width: 992px) {#jtg-976 .modula-items{height:800px;}}@media screen and (max-width: 768px) {#jtg-976 .modula-items{height:800px;}}#jtg-976 .modula-items .figc p.description { font-size:14px; }#jtg-976 .modula-items .figc p.description { color:;}#jtg-976.modula-gallery .modula-item-content .modula-no-follow { cursor: default; } @media screen and (max-width:480px){#jtg-976 .modula-item .figc .jtg-title {  font-size: 12px; }#jtg-976 .modula-items .figc p.description { color:;font-size:10px; }}<\/style>\n<!-- Gallery Container -->\n<div  id=\"jtg-976\" class=\"modula modula-gallery modula-creative-gallery\" data-config=\"{&quot;height&quot;:800,&quot;tabletHeight&quot;:800,&quot;mobileHeight&quot;:800,&quot;desktopHeight&quot;:800,&quot;enableTwitter&quot;:false,&quot;enableWhatsapp&quot;:false,&quot;enableFacebook&quot;:false,&quot;enablePinterest&quot;:false,&quot;enableLinkedin&quot;:false,&quot;enableEmail&quot;:false,&quot;randomFactor&quot;:0,&quot;type&quot;:&quot;creative-gallery&quot;,&quot;columns&quot;:12,&quot;gutter&quot;:10,&quot;mobileGutter&quot;:10,&quot;tabletGutter&quot;:10,&quot;desktopGutter&quot;:10,&quot;enableResponsive&quot;:&quot;0&quot;,&quot;tabletColumns&quot;:2,&quot;mobileColumns&quot;:1,&quot;lazyLoad&quot;:true,&quot;lightboxOpts&quot;:{&quot;animated&quot;:true,&quot;Thumbs&quot;:{&quot;type&quot;:&quot;modern&quot;,&quot;showOnStart&quot;:false},&quot;Toolbar&quot;:{&quot;display&quot;:{&quot;right&quot;:[&quot;close&quot;]},&quot;enabled&quot;:true},&quot;Carousel&quot;:{&quot;Panzoom&quot;:{&quot;touch&quot;:false},&quot;infinite&quot;:false},&quot;keyboard&quot;:{&quot;Escape&quot;:&quot;close&quot;,&quot;Delete&quot;:&quot;close&quot;,&quot;Backspace&quot;:&quot;close&quot;,&quot;PageUp&quot;:false,&quot;PageDown&quot;:false,&quot;ArrowUp&quot;:false,&quot;ArrowDown&quot;:false,&quot;ArrowRight&quot;:false,&quot;ArrowLeft&quot;:false},&quot;touch&quot;:false,&quot;backdropClick&quot;:false,&quot;l10n&quot;:{&quot;CLOSE&quot;:&quot;Close&quot;,&quot;NEXT&quot;:&quot;Next&quot;,&quot;PREV&quot;:&quot;Previous&quot;,&quot;Error&quot;:&quot;The requested content cannot be loaded. Please try again later.&quot;,&quot;PLAY_START&quot;:&quot;Start slideshow&quot;,&quot;PLAY_STOP&quot;:&quot;Pause slideshow&quot;,&quot;FULL_SCREEN&quot;:&quot;Full screen&quot;,&quot;THUMBS&quot;:&quot;Thumbnails&quot;,&quot;DOWNLOAD&quot;:&quot;Download&quot;,&quot;SHARE&quot;:&quot;Share&quot;,&quot;ZOOM&quot;:&quot;Zoom&quot;,&quot;EMAIL&quot;:&quot;Here is the link to the image : %%image_link%% and this is the link to the gallery : %%gallery_link%%&quot;,&quot;MODAL&quot;:&quot;You can close this modal content with the ESC key&quot;,&quot;ERROR&quot;:&quot;Something Went Wrong, Please Try Again Later&quot;,&quot;IMAGE_ERROR&quot;:&quot;Image Not Found&quot;,&quot;ELEMENT_NOT_FOUND&quot;:&quot;HTML Element Not Found&quot;,&quot;AJAX_NOT_FOUND&quot;:&quot;Error Loading AJAX : Not Found&quot;,&quot;AJAX_FORBIDDEN&quot;:&quot;Error Loading AJAX : Forbidden&quot;,&quot;IFRAME_ERROR&quot;:&quot;Error Loading Page&quot;,&quot;TOGGLE_ZOOM&quot;:&quot;Toggle zoom level&quot;,&quot;TOGGLE_THUMBS&quot;:&quot;Toggle thumbnails&quot;,&quot;TOGGLE_SLIDESHOW&quot;:&quot;Toggle slideshow&quot;,&quot;TOGGLE_FULLSCREEN&quot;:&quot;Toggle full-screen mode&quot;},&quot;Images&quot;:{&quot;Panzoom&quot;:{&quot;maxScale&quot;:2}},&quot;mainClass&quot;:&quot;modula-fancybox-container modula-lightbox-jtg-976&quot;,&quot;Html&quot;:{&quot;videoAutoplay&quot;:0,&quot;videoTpl&quot;:&quot;&lt;video class=\\&quot;fancybox__html5video\\&quot; controls muted playsinline controlsList controlsList=\\&quot;nodownload\\&quot; poster=\\&quot;{{poster}}\\&quot; src=\\&quot;{{src}}\\&quot; type=\\&quot;{{format}}\\&quot; &gt;  Sorry, your browser doesn&#039;t support embedded videos, &lt;a href=\\&quot;{{src}}\\&quot;&gt; download &lt;\\\/a&gt; and watch with your favorite video player! &lt;\\\/video&gt;&quot;}},&quot;inView&quot;:false,&quot;email_subject&quot;:&quot;Check out this awesome image !!&quot;,&quot;email_message&quot;:&quot;Here is the link to the image : %%image_link%% and this is the link to the gallery : %%gallery_link%%&quot;,&quot;lightbox&quot;:&quot;no-link&quot;}\">\n\n\t\n\t<!-- Items Container -->\n\t<div  class=\"modula-items\">\n\t\t<div class=\"modula-item effect-pufrobo\" >\n\t<div class=\"modula-item-overlay\"><\/div>\n\n\t<div class=\"modula-item-content\">\n\n\t\t\t\t\n\t\t\n\t\t<img class=\"pic wp-image-978 lazyload\"  data-valign=\"middle\" data-halign=\"center\" alt=\"\" data-full=\"https:\/\/uartesep.gob.ec\/wp-content\/uploads\/2023\/12\/Guayaquil-a-Pie-1-1.jpeg\" title=\"Guayaquil a Pie 1\" width=\"1536\" height=\"1152\" data-src=\"https:\/\/uartesep.gob.ec\/wp-content\/uploads\/2023\/12\/Guayaquil-a-Pie-1-1-1536x1152.jpeg\" data-caption=\"\" data-source=\"modula\" data-srcset=\"https:\/\/uartesep.gob.ec\/wp-content\/uploads\/2023\/12\/Guayaquil-a-Pie-1-1.jpeg 1600w, https:\/\/uartesep.gob.ec\/wp-content\/uploads\/2023\/12\/Guayaquil-a-Pie-1-1-300x225.jpeg 300w, https:\/\/uartesep.gob.ec\/wp-content\/uploads\/2023\/12\/Guayaquil-a-Pie-1-1-1024x768.jpeg 1024w, https:\/\/uartesep.gob.ec\/wp-content\/uploads\/2023\/12\/Guayaquil-a-Pie-1-1-768x576.jpeg 768w, https:\/\/uartesep.gob.ec\/wp-content\/uploads\/2023\/12\/Guayaquil-a-Pie-1-1-1536x1152.jpeg 1536w, https:\/\/uartesep.gob.ec\/wp-content\/uploads\/2023\/12\/Guayaquil-a-Pie-1-1-600x450.jpeg 600w\" data-sizes=\"(max-width: 1536px) 100vw, 1536px\" srcset=\"https:\/\/uartesep.gob.ec\/wp-content\/uploads\/2023\/12\/Guayaquil-a-Pie-1-1-1536x1152.jpeg 1536w, https:\/\/uartesep.gob.ec\/wp-content\/uploads\/2023\/12\/Guayaquil-a-Pie-1-1-300x225.jpeg 300w, https:\/\/uartesep.gob.ec\/wp-content\/uploads\/2023\/12\/Guayaquil-a-Pie-1-1-1024x768.jpeg 1024w, https:\/\/uartesep.gob.ec\/wp-content\/uploads\/2023\/12\/Guayaquil-a-Pie-1-1-768x576.jpeg 768w, https:\/\/uartesep.gob.ec\/wp-content\/uploads\/2023\/12\/Guayaquil-a-Pie-1-1-600x450.jpeg 600w, https:\/\/uartesep.gob.ec\/wp-content\/uploads\/2023\/12\/Guayaquil-a-Pie-1-1.jpeg 1600w\" sizes=\"(max-width: 1536px) 100vw, 1536px\" \/>\n\t\t<div class=\"figc no-description\">\n\t\t\t<div class=\"figc-inner\">\n\t\t\t\t\t\t\t\t\t\t\t\t\t\t\t<\/div>\n\t\t<\/div>\n\n\t<\/div>\n\n<\/div><div class=\"modula-item effect-pufrobo\" >\n\t<div class=\"modula-item-overlay\"><\/div>\n\n\t<div class=\"modula-item-content\">\n\n\t\t\t\t\n\t\t\n\t\t<img class=\"pic wp-image-979 lazyload\"  data-valign=\"middle\" data-halign=\"center\" alt=\"\" data-full=\"https:\/\/uartesep.gob.ec\/wp-content\/uploads\/2023\/12\/Guayaquil-a-Pie-2.jpeg-1.jpg\" title=\"Guayaquil a Pie 2.jpeg\" width=\"1024\" height=\"768\" data-src=\"https:\/\/uartesep.gob.ec\/wp-content\/uploads\/2023\/12\/Guayaquil-a-Pie-2.jpeg-1.jpg\" data-caption=\"\" data-source=\"modula\" data-srcset=\"https:\/\/uartesep.gob.ec\/wp-content\/uploads\/2023\/12\/Guayaquil-a-Pie-2.jpeg-1.jpg 1024w, https:\/\/uartesep.gob.ec\/wp-content\/uploads\/2023\/12\/Guayaquil-a-Pie-2.jpeg-1-300x225.jpg 300w, https:\/\/uartesep.gob.ec\/wp-content\/uploads\/2023\/12\/Guayaquil-a-Pie-2.jpeg-1-768x576.jpg 768w, https:\/\/uartesep.gob.ec\/wp-content\/uploads\/2023\/12\/Guayaquil-a-Pie-2.jpeg-1-600x450.jpg 600w\" data-sizes=\"(max-width: 1024px) 100vw, 1024px\" srcset=\"https:\/\/uartesep.gob.ec\/wp-content\/uploads\/2023\/12\/Guayaquil-a-Pie-2.jpeg-1.jpg 1024w, https:\/\/uartesep.gob.ec\/wp-content\/uploads\/2023\/12\/Guayaquil-a-Pie-2.jpeg-1-300x225.jpg 300w, https:\/\/uartesep.gob.ec\/wp-content\/uploads\/2023\/12\/Guayaquil-a-Pie-2.jpeg-1-768x576.jpg 768w, https:\/\/uartesep.gob.ec\/wp-content\/uploads\/2023\/12\/Guayaquil-a-Pie-2.jpeg-1-600x450.jpg 600w\" sizes=\"(max-width: 1024px) 100vw, 1024px\" \/>\n\t\t<div class=\"figc no-description\">\n\t\t\t<div class=\"figc-inner\">\n\t\t\t\t\t\t\t\t\t\t\t\t\t\t\t<\/div>\n\t\t<\/div>\n\n\t<\/div>\n\n<\/div><div class=\"modula-item effect-pufrobo\" >\n\t<div class=\"modula-item-overlay\"><\/div>\n\n\t<div class=\"modula-item-content\">\n\n\t\t\t\t\n\t\t\n\t\t<img class=\"pic wp-image-980 lazyload\"  data-valign=\"middle\" data-halign=\"center\" alt=\"\" data-full=\"https:\/\/uartesep.gob.ec\/wp-content\/uploads\/2023\/12\/Guayaquil-a-Pie-2.jpeg\" title=\"Guayaquil a Pie\" width=\"768\" height=\"1024\" data-src=\"https:\/\/uartesep.gob.ec\/wp-content\/uploads\/2023\/12\/Guayaquil-a-Pie-2.jpeg\" data-caption=\"\" data-source=\"modula\" data-srcset=\"https:\/\/uartesep.gob.ec\/wp-content\/uploads\/2023\/12\/Guayaquil-a-Pie-2.jpeg 768w, https:\/\/uartesep.gob.ec\/wp-content\/uploads\/2023\/12\/Guayaquil-a-Pie-2-225x300.jpeg 225w, https:\/\/uartesep.gob.ec\/wp-content\/uploads\/2023\/12\/Guayaquil-a-Pie-2-600x800.jpeg 600w\" data-sizes=\"(max-width: 768px) 100vw, 768px\" srcset=\"https:\/\/uartesep.gob.ec\/wp-content\/uploads\/2023\/12\/Guayaquil-a-Pie-2.jpeg 768w, https:\/\/uartesep.gob.ec\/wp-content\/uploads\/2023\/12\/Guayaquil-a-Pie-2-225x300.jpeg 225w, https:\/\/uartesep.gob.ec\/wp-content\/uploads\/2023\/12\/Guayaquil-a-Pie-2-600x800.jpeg 600w\" sizes=\"(max-width: 768px) 100vw, 768px\" \/>\n\t\t<div class=\"figc no-description\">\n\t\t\t<div class=\"figc-inner\">\n\t\t\t\t\t\t\t\t\t\t\t\t\t\t\t<\/div>\n\t\t<\/div>\n\n\t<\/div>\n\n<\/div><div class=\"modula-item effect-pufrobo\" >\n\t<div class=\"modula-item-overlay\"><\/div>\n\n\t<div class=\"modula-item-content\">\n\n\t\t\t\t\n\t\t\n\t\t<img class=\"pic wp-image-981 lazyload\"  data-valign=\"middle\" data-halign=\"center\" alt=\"\" data-full=\"https:\/\/uartesep.gob.ec\/wp-content\/uploads\/2023\/12\/Imagen-de-WhatsApp-2023-12-04-a-las-16.20.43_bc7e38b4-1.jpg\" title=\"Imagen de WhatsApp 2023-12-04 a las 16.20.43_bc7e38b4\" width=\"828\" height=\"1396\" data-src=\"https:\/\/uartesep.gob.ec\/wp-content\/uploads\/2023\/12\/Imagen-de-WhatsApp-2023-12-04-a-las-16.20.43_bc7e38b4-1.jpg\" data-caption=\"\" data-source=\"modula\" data-srcset=\"https:\/\/uartesep.gob.ec\/wp-content\/uploads\/2023\/12\/Imagen-de-WhatsApp-2023-12-04-a-las-16.20.43_bc7e38b4-1.jpg 828w, https:\/\/uartesep.gob.ec\/wp-content\/uploads\/2023\/12\/Imagen-de-WhatsApp-2023-12-04-a-las-16.20.43_bc7e38b4-1-178x300.jpg 178w, https:\/\/uartesep.gob.ec\/wp-content\/uploads\/2023\/12\/Imagen-de-WhatsApp-2023-12-04-a-las-16.20.43_bc7e38b4-1-607x1024.jpg 607w, https:\/\/uartesep.gob.ec\/wp-content\/uploads\/2023\/12\/Imagen-de-WhatsApp-2023-12-04-a-las-16.20.43_bc7e38b4-1-768x1295.jpg 768w, https:\/\/uartesep.gob.ec\/wp-content\/uploads\/2023\/12\/Imagen-de-WhatsApp-2023-12-04-a-las-16.20.43_bc7e38b4-1-600x1012.jpg 600w\" data-sizes=\"(max-width: 828px) 100vw, 828px\" srcset=\"https:\/\/uartesep.gob.ec\/wp-content\/uploads\/2023\/12\/Imagen-de-WhatsApp-2023-12-04-a-las-16.20.43_bc7e38b4-1.jpg 828w, https:\/\/uartesep.gob.ec\/wp-content\/uploads\/2023\/12\/Imagen-de-WhatsApp-2023-12-04-a-las-16.20.43_bc7e38b4-1-178x300.jpg 178w, https:\/\/uartesep.gob.ec\/wp-content\/uploads\/2023\/12\/Imagen-de-WhatsApp-2023-12-04-a-las-16.20.43_bc7e38b4-1-607x1024.jpg 607w, https:\/\/uartesep.gob.ec\/wp-content\/uploads\/2023\/12\/Imagen-de-WhatsApp-2023-12-04-a-las-16.20.43_bc7e38b4-1-768x1295.jpg 768w, https:\/\/uartesep.gob.ec\/wp-content\/uploads\/2023\/12\/Imagen-de-WhatsApp-2023-12-04-a-las-16.20.43_bc7e38b4-1-600x1012.jpg 600w\" sizes=\"(max-width: 828px) 100vw, 828px\" \/>\n\t\t<div class=\"figc no-description\">\n\t\t\t<div class=\"figc-inner\">\n\t\t\t\t\t\t\t\t\t\t\t\t\t\t\t<\/div>\n\t\t<\/div>\n\n\t<\/div>\n\n<\/div>\t\t\n\t<\/div>\n\n\t\n\t\n\t<script type=\"application\/ld+json\">\n\t{\n\t\t\"@context\": \"http:\/\/schema.org\",\n\t\t\"@type\"   : \"ImageGallery\",\n\t\t\"id\"      : \"https:\/\/uartesep.gob.ec\/index.php\/eventos\/\",\n\t\t\"url\"     : \"https:\/\/uartesep.gob.ec\/index.php\/eventos\/\"\n\t}\n\n\t<\/script>\n\n\t\n<\/div>\n","protected":false},"excerpt":{"rendered":"<p>UArtes EP cuenta con un equipo de artistas y expertos en distintas disciplinas que trabajar\u00e1n de cerca contigo para dar vida a tus ideas m\u00e1s audaces. La planificaci\u00f3n y organizaci\u00f3n [&hellip;]<\/p>\n","protected":false},"author":1,"featured_media":963,"parent":0,"menu_order":0,"comment_status":"closed","ping_status":"closed","template":"","meta":{"site-sidebar-layout":"no-sidebar","site-content-layout":"plain-container","ast-site-content-layout":"default","site-content-style":"default","site-sidebar-style":"default","ast-global-header-display":"","ast-banner-title-visibility":"","ast-main-header-display":"","ast-hfb-above-header-display":"","ast-hfb-below-header-display":"","ast-hfb-mobile-header-display":"","site-post-title":"","ast-breadcrumbs-content":"","ast-featured-img":"","footer-sml-layout":"","theme-transparent-header-meta":"default","adv-header-id-meta":"","stick-header-meta":"default","header-above-stick-meta":"","header-main-stick-meta":"","header-below-stick-meta":"","astra-migrate-meta-layouts":"set","ast-page-background-enabled":"default","ast-page-background-meta":{"desktop":{"background-color":"var(--ast-global-color-4)","background-image":"","background-repeat":"repeat","background-position":"center center","background-size":"auto","background-attachment":"scroll","background-type":"","background-media":"","overlay-type":"","overlay-color":"","overlay-opacity":"","overlay-gradient":""},"tablet":{"background-color":"","background-image":"","background-repeat":"repeat","background-position":"center center","background-size":"auto","background-attachment":"scroll","background-type":"","background-media":"","overlay-type":"","overlay-color":"","overlay-opacity":"","overlay-gradient":""},"mobile":{"background-color":"","background-image":"","background-repeat":"repeat","background-position":"center center","background-size":"auto","background-attachment":"scroll","background-type":"","background-media":"","overlay-type":"","overlay-color":"","overlay-opacity":"","overlay-gradient":""}},"ast-content-background-meta":{"desktop":{"background-color":"var(--ast-global-color-5)","background-image":"","background-repeat":"repeat","background-position":"center center","background-size":"auto","background-attachment":"scroll","background-type":"","background-media":"","overlay-type":"","overlay-color":"","overlay-opacity":"","overlay-gradient":""},"tablet":{"background-color":"var(--ast-global-color-5)","background-image":"","background-repeat":"repeat","background-position":"center center","background-size":"auto","background-attachment":"scroll","background-type":"","background-media":"","overlay-type":"","overlay-color":"","overlay-opacity":"","overlay-gradient":""},"mobile":{"background-color":"var(--ast-global-color-5)","background-image":"","background-repeat":"repeat","background-position":"center center","background-size":"auto","background-attachment":"scroll","background-type":"","background-media":"","overlay-type":"","overlay-color":"","overlay-opacity":"","overlay-gradient":""}},"footnotes":""},"class_list":["post-329","page","type-page","status-publish","has-post-thumbnail","hentry"],"_links":{"self":[{"href":"https:\/\/uartesep.gob.ec\/index.php\/wp-json\/wp\/v2\/pages\/329","targetHints":{"allow":["GET"]}}],"collection":[{"href":"https:\/\/uartesep.gob.ec\/index.php\/wp-json\/wp\/v2\/pages"}],"about":[{"href":"https:\/\/uartesep.gob.ec\/index.php\/wp-json\/wp\/v2\/types\/page"}],"author":[{"embeddable":true,"href":"https:\/\/uartesep.gob.ec\/index.php\/wp-json\/wp\/v2\/users\/1"}],"replies":[{"embeddable":true,"href":"https:\/\/uartesep.gob.ec\/index.php\/wp-json\/wp\/v2\/comments?post=329"}],"version-history":[{"count":27,"href":"https:\/\/uartesep.gob.ec\/index.php\/wp-json\/wp\/v2\/pages\/329\/revisions"}],"predecessor-version":[{"id":1140,"href":"https:\/\/uartesep.gob.ec\/index.php\/wp-json\/wp\/v2\/pages\/329\/revisions\/1140"}],"wp:featuredmedia":[{"embeddable":true,"href":"https:\/\/uartesep.gob.ec\/index.php\/wp-json\/wp\/v2\/media\/963"}],"wp:attachment":[{"href":"https:\/\/uartesep.gob.ec\/index.php\/wp-json\/wp\/v2\/media?parent=329"}],"curies":[{"name":"wp","href":"https:\/\/api.w.org\/{rel}","templated":true}]}}