{"id":325,"date":"2023-10-04T15:08:18","date_gmt":"2023-10-04T15:08:18","guid":{"rendered":"https:\/\/ilionsystems.com\/uartesep\/?page_id=325"},"modified":"2023-12-20T10:21:16","modified_gmt":"2023-12-20T15:21:16","slug":"uartes","status":"publish","type":"page","link":"https:\/\/uartesep.gob.ec\/index.php\/uartes\/","title":{"rendered":"UArtes"},"content":{"rendered":"<section class=\"wpb-content-wrapper\">[vc_row][vc_column][vc_column_text]La Universidad de las Artes es la entidad fundadora de la Empresa P\u00fablica y una aliada estrat\u00e9gica en el desarrollo de sus bienes y servicios. Cuenta con una oferta de excelencia acad\u00e9mica de pregrado y posgrado. Sus programas de licenciatura incluyen, cine, literatura, producci\u00f3n musical, artes musicales y sonoras, creaci\u00f3n teatral, danza, artes visuales y pedagog\u00eda de las artes.<br \/>\nLa Universidad orienta su actividad de docencia e investigaci\u00f3n a la producci\u00f3n creativa en artes y reflexi\u00f3n cr\u00edtica sobre las artes, atendiendo al desarrollo de conceptos y criterios est\u00e9ticos diversos, al est\u00edmulo del talento creativo y a la vinculaci\u00f3n del arte con la transformaci\u00f3n social. Su presencia en distintos territorios de la urbe a trav\u00e9s de sus proyectos de vinculaci\u00f3n con la sociedad, promueven la democratizaci\u00f3n y el acceso al arte como un derecho.[\/vc_column_text][vc_btn title=&#8221;Conoce m\u00e1s&#8221; color=&#8221;pink&#8221; size=&#8221;lg&#8221; align=&#8221;center&#8221; css_animation=&#8221;fadeIn&#8221; link=&#8221;url:https%3A%2F%2Fwww.uartes.edu.ec%2Fsitio%2F||target:%20_blank|&#8221;][\/vc_column][\/vc_row]\n<\/section>","protected":false},"excerpt":{"rendered":"<p>[vc_row][vc_column][vc_column_text]La Universidad de las Artes es la entidad fundadora de la Empresa P\u00fablica y una aliada estrat\u00e9gica en el desarrollo de sus bienes y servicios. Cuenta con una oferta de [&hellip;]<\/p>\n","protected":false},"author":1,"featured_media":906,"parent":0,"menu_order":0,"comment_status":"closed","ping_status":"closed","template":"","meta":{"site-sidebar-layout":"no-sidebar","site-content-layout":"plain-container","ast-site-content-layout":"default","site-content-style":"default","site-sidebar-style":"default","ast-global-header-display":"","ast-banner-title-visibility":"","ast-main-header-display":"","ast-hfb-above-header-display":"","ast-hfb-below-header-display":"","ast-hfb-mobile-header-display":"","site-post-title":"","ast-breadcrumbs-content":"","ast-featured-img":"","footer-sml-layout":"","theme-transparent-header-meta":"default","adv-header-id-meta":"","stick-header-meta":"default","header-above-stick-meta":"","header-main-stick-meta":"","header-below-stick-meta":"","astra-migrate-meta-layouts":"set","ast-page-background-enabled":"default","ast-page-background-meta":{"desktop":{"background-color":"var(--ast-global-color-4)","background-image":"","background-repeat":"repeat","background-position":"center center","background-size":"auto","background-attachment":"scroll","background-type":"","background-media":"","overlay-type":"","overlay-color":"","overlay-opacity":"","overlay-gradient":""},"tablet":{"background-color":"","background-image":"","background-repeat":"repeat","background-position":"center center","background-size":"auto","background-attachment":"scroll","background-type":"","background-media":"","overlay-type":"","overlay-color":"","overlay-opacity":"","overlay-gradient":""},"mobile":{"background-color":"","background-image":"","background-repeat":"repeat","background-position":"center center","background-size":"auto","background-attachment":"scroll","background-type":"","background-media":"","overlay-type":"","overlay-color":"","overlay-opacity":"","overlay-gradient":""}},"ast-content-background-meta":{"desktop":{"background-color":"var(--ast-global-color-5)","background-image":"","background-repeat":"repeat","background-position":"center center","background-size":"auto","background-attachment":"scroll","background-type":"","background-media":"","overlay-type":"","overlay-color":"","overlay-opacity":"","overlay-gradient":""},"tablet":{"background-color":"var(--ast-global-color-5)","background-image":"","background-repeat":"repeat","background-position":"center center","background-size":"auto","background-attachment":"scroll","background-type":"","background-media":"","overlay-type":"","overlay-color":"","overlay-opacity":"","overlay-gradient":""},"mobile":{"background-color":"var(--ast-global-color-5)","background-image":"","background-repeat":"repeat","background-position":"center center","background-size":"auto","background-attachment":"scroll","background-type":"","background-media":"","overlay-type":"","overlay-color":"","overlay-opacity":"","overlay-gradient":""}},"footnotes":""},"class_list":["post-325","page","type-page","status-publish","has-post-thumbnail","hentry"],"_links":{"self":[{"href":"https:\/\/uartesep.gob.ec\/index.php\/wp-json\/wp\/v2\/pages\/325","targetHints":{"allow":["GET"]}}],"collection":[{"href":"https:\/\/uartesep.gob.ec\/index.php\/wp-json\/wp\/v2\/pages"}],"about":[{"href":"https:\/\/uartesep.gob.ec\/index.php\/wp-json\/wp\/v2\/types\/page"}],"author":[{"embeddable":true,"href":"https:\/\/uartesep.gob.ec\/index.php\/wp-json\/wp\/v2\/users\/1"}],"replies":[{"embeddable":true,"href":"https:\/\/uartesep.gob.ec\/index.php\/wp-json\/wp\/v2\/comments?post=325"}],"version-history":[{"count":16,"href":"https:\/\/uartesep.gob.ec\/index.php\/wp-json\/wp\/v2\/pages\/325\/revisions"}],"predecessor-version":[{"id":1143,"href":"https:\/\/uartesep.gob.ec\/index.php\/wp-json\/wp\/v2\/pages\/325\/revisions\/1143"}],"wp:featuredmedia":[{"embeddable":true,"href":"https:\/\/uartesep.gob.ec\/index.php\/wp-json\/wp\/v2\/media\/906"}],"wp:attachment":[{"href":"https:\/\/uartesep.gob.ec\/index.php\/wp-json\/wp\/v2\/media?parent=325"}],"curies":[{"name":"wp","href":"https:\/\/api.w.org\/{rel}","templated":true}]}}