{"id":323,"date":"2023-10-04T15:07:55","date_gmt":"2023-10-04T15:07:55","guid":{"rendered":"https:\/\/ilionsystems.com\/uartesep\/?page_id=323"},"modified":"2026-01-16T10:43:22","modified_gmt":"2026-01-16T15:43:22","slug":"equipo","status":"publish","type":"page","link":"https:\/\/uartesep.gob.ec\/index.php\/equipo\/","title":{"rendered":"Equipo"},"content":{"rendered":"<section class=\"wpb-content-wrapper\">[vc_row][vc_column][vc_column_text]\n<p style=\"text-align: justify;\">El equipo de trabajo de la Empresa P\u00fablica de la Universidad de las Artes \u2013 UArtes EP est\u00e1 comprometido en impulsar la cultura, la educaci\u00f3n y el arte en todas sus formas. Es un equipo transdisciplinar con experiencia en comunicaci\u00f3n, artes, gesti\u00f3n p\u00fablica, derecho y negocios. Adem\u00e1s, contamos con una red de especialistas y asesores externos, entre los que se cuentan productores, investigadores y artistas de todas las disciplinas, que nos permite ofrecer una diversidad de servicios y proyectos.<\/p>\n[\/vc_column_text][\/vc_column][\/vc_row][vc_row][vc_column width=&#8221;1\/4&#8243;][vc_single_image image=&#8221;2592&#8243; img_size=&#8221;medium&#8221; alignment=&#8221;center&#8221; style=&#8221;vc_box_circle_2&#8243; css_animation=&#8221;fadeIn&#8221;][vc_column_text]\n<p style=\"text-align: center;\"><strong>Ma. Jos\u00e9 Serrano\u00a0\u00a0<\/strong><br \/>\n<em>Gerente General<\/em><\/p>\n<p>&nbsp;<\/p>\n[\/vc_column_text][vc_single_image image=&#8221;2587&#8243; img_size=&#8221;medium&#8221; alignment=&#8221;center&#8221; style=&#8221;vc_box_circle_2&#8243; css_animation=&#8221;fadeIn&#8221;][vc_column_text]\n<p style=\"text-align: center;\"><strong>Andrea Chuiza<\/strong><br \/>\n<em>Especialista Administrativa Financiera<\/em><\/p>\n[\/vc_column_text][\/vc_column][vc_column width=&#8221;1\/4&#8243;][vc_single_image image=&#8221;2604&#8243; img_size=&#8221;medium&#8221; alignment=&#8221;center&#8221; style=&#8221;vc_box_circle_2&#8243; css_animation=&#8221;fadeIn&#8221;][vc_column_text]\n<p style=\"text-align: center;\"><strong>G\u00e9nesis Pionce<\/strong><br \/>\n<em>Asistente de Gerencia<\/em><\/p>\n<p>&nbsp;<\/p>\n[\/vc_column_text][vc_single_image image=&#8221;2602&#8243; img_size=&#8221;medium&#8221; alignment=&#8221;center&#8221; style=&#8221;vc_box_circle_2&#8243; css_animation=&#8221;fadeIn&#8221;][vc_column_text]\n<p style=\"text-align: center;\"><strong>Duval Arreaga<\/strong><br \/>\n<em>Analista Financiero<\/em><\/p>\n[\/vc_column_text][\/vc_column][vc_column width=&#8221;1\/4&#8243;][vc_single_image image=&#8221;2605&#8243; img_size=&#8221;medium&#8221; alignment=&#8221;center&#8221; style=&#8221;vc_box_circle_2&#8243; css_animation=&#8221;fadeIn&#8221;][vc_column_text]\n<p style=\"text-align: center;\"><strong>Martha Villac\u00eds<\/strong><br \/>\n<em>Jefa de Asesor\u00eda Jur\u00eddica<\/em><\/p>\n<p>&nbsp;<\/p>\n[\/vc_column_text][vc_single_image image=&#8221;2589&#8243; img_size=&#8221;380&#215;200&#8243; alignment=&#8221;center&#8221; style=&#8221;vc_box_circle_2&#8243; css_animation=&#8221;fadeIn&#8221;][vc_column_text]\n<p style=\"text-align: center;\"><strong>Gonzalo Zabala<\/strong><br \/>\n<em>Analista de Compras P\u00fablicas<\/em><\/p>\n[\/vc_column_text][\/vc_column][vc_column width=&#8221;1\/4&#8243;][vc_single_image image=&#8221;2741&#8243; img_size=&#8221;medium&#8221; alignment=&#8221;center&#8221; style=&#8221;vc_box_circle_2&#8243; css_animation=&#8221;fadeIn&#8221;][vc_column_text]\n<p style=\"text-align: center;\"><strong>Byron Quintana<\/strong><br \/>\n<em>Especialista de Proyectos y Servicios<\/em><\/p>\n<p>\u00a0[\/vc_column_text][vc_single_image image=&#8221;2591&#8243; img_size=&#8221;medium&#8221; alignment=&#8221;center&#8221; style=&#8221;vc_box_circle_2&#8243; css_animation=&#8221;fadeIn&#8221;][vc_column_text]\n<p style=\"text-align: center;\"><strong>Katherine Jaramillo<\/strong><br \/>\n<em>Analista de Talento Humano<\/em><\/p>\n<p>&nbsp;<\/p>\n[\/vc_column_text][\/vc_column][\/vc_row]\n<\/section>","protected":false},"excerpt":{"rendered":"<p>[vc_row][vc_column][vc_column_text] El equipo de trabajo de la Empresa P\u00fablica de la Universidad de las Artes \u2013 UArtes EP est\u00e1 comprometido en impulsar la cultura, la educaci\u00f3n y el arte en [&hellip;]<\/p>\n","protected":false},"author":1,"featured_media":688,"parent":0,"menu_order":0,"comment_status":"closed","ping_status":"closed","template":"","meta":{"site-sidebar-layout":"no-sidebar","site-content-layout":"plain-container","ast-site-content-layout":"default","site-content-style":"default","site-sidebar-style":"default","ast-global-header-display":"","ast-banner-title-visibility":"","ast-main-header-display":"","ast-hfb-above-header-display":"","ast-hfb-below-header-display":"","ast-hfb-mobile-header-display":"","site-post-title":"","ast-breadcrumbs-content":"","ast-featured-img":"","footer-sml-layout":"","theme-transparent-header-meta":"default","adv-header-id-meta":"","stick-header-meta":"default","header-above-stick-meta":"","header-main-stick-meta":"","header-below-stick-meta":"","astra-migrate-meta-layouts":"set","ast-page-background-enabled":"default","ast-page-background-meta":{"desktop":{"background-color":"var(--ast-global-color-4)","background-image":"","background-repeat":"repeat","background-position":"center center","background-size":"auto","background-attachment":"scroll","background-type":"","background-media":"","overlay-type":"","overlay-color":"","overlay-opacity":"","overlay-gradient":""},"tablet":{"background-color":"","background-image":"","background-repeat":"repeat","background-position":"center center","background-size":"auto","background-attachment":"scroll","background-type":"","background-media":"","overlay-type":"","overlay-color":"","overlay-opacity":"","overlay-gradient":""},"mobile":{"background-color":"","background-image":"","background-repeat":"repeat","background-position":"center center","background-size":"auto","background-attachment":"scroll","background-type":"","background-media":"","overlay-type":"","overlay-color":"","overlay-opacity":"","overlay-gradient":""}},"ast-content-background-meta":{"desktop":{"background-color":"var(--ast-global-color-5)","background-image":"","background-repeat":"repeat","background-position":"center center","background-size":"auto","background-attachment":"scroll","background-type":"","background-media":"","overlay-type":"","overlay-color":"","overlay-opacity":"","overlay-gradient":""},"tablet":{"background-color":"var(--ast-global-color-5)","background-image":"","background-repeat":"repeat","background-position":"center center","background-size":"auto","background-attachment":"scroll","background-type":"","background-media":"","overlay-type":"","overlay-color":"","overlay-opacity":"","overlay-gradient":""},"mobile":{"background-color":"var(--ast-global-color-5)","background-image":"","background-repeat":"repeat","background-position":"center center","background-size":"auto","background-attachment":"scroll","background-type":"","background-media":"","overlay-type":"","overlay-color":"","overlay-opacity":"","overlay-gradient":""}},"footnotes":""},"class_list":["post-323","page","type-page","status-publish","has-post-thumbnail","hentry"],"_links":{"self":[{"href":"https:\/\/uartesep.gob.ec\/index.php\/wp-json\/wp\/v2\/pages\/323","targetHints":{"allow":["GET"]}}],"collection":[{"href":"https:\/\/uartesep.gob.ec\/index.php\/wp-json\/wp\/v2\/pages"}],"about":[{"href":"https:\/\/uartesep.gob.ec\/index.php\/wp-json\/wp\/v2\/types\/page"}],"author":[{"embeddable":true,"href":"https:\/\/uartesep.gob.ec\/index.php\/wp-json\/wp\/v2\/users\/1"}],"replies":[{"embeddable":true,"href":"https:\/\/uartesep.gob.ec\/index.php\/wp-json\/wp\/v2\/comments?post=323"}],"version-history":[{"count":64,"href":"https:\/\/uartesep.gob.ec\/index.php\/wp-json\/wp\/v2\/pages\/323\/revisions"}],"predecessor-version":[{"id":2747,"href":"https:\/\/uartesep.gob.ec\/index.php\/wp-json\/wp\/v2\/pages\/323\/revisions\/2747"}],"wp:featuredmedia":[{"embeddable":true,"href":"https:\/\/uartesep.gob.ec\/index.php\/wp-json\/wp\/v2\/media\/688"}],"wp:attachment":[{"href":"https:\/\/uartesep.gob.ec\/index.php\/wp-json\/wp\/v2\/media?parent=323"}],"curies":[{"name":"wp","href":"https:\/\/api.w.org\/{rel}","templated":true}]}}