{"id":321,"date":"2023-10-04T15:07:35","date_gmt":"2023-10-04T15:07:35","guid":{"rendered":"https:\/\/ilionsystems.com\/uartesep\/?page_id=321"},"modified":"2023-12-11T08:38:27","modified_gmt":"2023-12-11T13:38:27","slug":"acerca","status":"publish","type":"page","link":"https:\/\/uartesep.gob.ec\/index.php\/acerca\/","title":{"rendered":"Acerca"},"content":{"rendered":"<div  class=\"lgc-column lgc-grid-parent lgc-grid-50 lgc-tablet-grid-50 lgc-mobile-grid-100 lgc-equal-heights \"><div  class=\"inside-grid-column\">\n<p>&nbsp;<\/p>\n<p><img loading=\"lazy\" decoding=\"async\" class=\"alignnone wp-image-922\" src=\"https:\/\/ilionsystems.com\/uartesep\/wp-content\/uploads\/2023\/12\/12-1-1024x683.jpg\" alt=\"\" width=\"550\" height=\"367\" srcset=\"https:\/\/uartesep.gob.ec\/wp-content\/uploads\/2023\/12\/12-1-1024x683.jpg 1024w, https:\/\/uartesep.gob.ec\/wp-content\/uploads\/2023\/12\/12-1-300x200.jpg 300w, https:\/\/uartesep.gob.ec\/wp-content\/uploads\/2023\/12\/12-1-768x512.jpg 768w, https:\/\/uartesep.gob.ec\/wp-content\/uploads\/2023\/12\/12-1-1536x1024.jpg 1536w, https:\/\/uartesep.gob.ec\/wp-content\/uploads\/2023\/12\/12-1-2048x1365.jpg 2048w, https:\/\/uartesep.gob.ec\/wp-content\/uploads\/2023\/12\/12-1-600x400.jpg 600w\" sizes=\"auto, (max-width: 550px) 100vw, 550px\" \/><\/p>\n<\/div><\/div>\n<div  class=\"lgc-column lgc-grid-parent lgc-grid-50 lgc-tablet-grid-50 lgc-mobile-grid-100 lgc-equal-heights \"><div  class=\"inside-grid-column\">\n<h3 style=\"text-align: justify;\"><\/h3>\n<h3 style=\"text-align: center;\"><strong>Acerca\/ Sobre\/<\/strong><\/h3>\n<p style=\"text-align: justify;\">La Empresa P\u00fablica de la Universidad de las Artes &#8211; UArtes EP inici\u00f3 sus operaciones el 1 de diciembre de 2022 como una persona jur\u00eddica de derecho p\u00fablico, con patrimonio propio, dotada de autonom\u00eda presupuestaria, econ\u00f3mica, financiera, administrativa y de gesti\u00f3n, cuya constituci\u00f3n, organizaci\u00f3n y funcionamiento se regula por la Ley de Empresas P\u00fablicas.<\/p>\n<p style=\"text-align: justify;\">La principal finalidad de UArtes EP, es convertirse en una entidad que promueve la relaci\u00f3n permanente de la Universidad de las Artes con el entorno local, nacional e internacional; en articulaci\u00f3n con los procesos de docencia, investigaci\u00f3n y vinculaci\u00f3n con la sociedad.<\/p>\n<p style=\"text-align: justify;\">El objeto de UArtes EP comprende la administraci\u00f3n y la gesti\u00f3n log\u00edstica, operativa y de comercializaci\u00f3n de productos, servicios u obras de car\u00e1cter art\u00edstico, cultural o cient\u00edfico incluidos, los de consultor\u00eda y asesor\u00eda o que se relacionen con dichos productos, servicios u obras.<\/p>\n<\/div><\/div>\n<div  class=\"lgc-column lgc-grid-parent lgc-grid-50 lgc-tablet-grid-50 lgc-mobile-grid-100 lgc-equal-heights \"><div  class=\"inside-grid-column\">\n<h2 style=\"text-align: justify;\"><strong>Misi\u00f3n<\/strong><\/h2>\n<p style=\"text-align: justify;\">Comercializar bienes y servicios que contribuyan al fortalecimiento de la educaci\u00f3n y las artes, al fomento de la econom\u00eda de la cultura y a la consolidaci\u00f3n de la relaci\u00f3n de la Universidad de las Artes con el entorno local, nacional e internacional, a trav\u00e9s procesos de Investigaci\u00f3n, Desarrollo e Innovaci\u00f3n.<\/p>\n<\/div><\/div>\n<div  class=\"lgc-column lgc-grid-parent lgc-grid-50 lgc-tablet-grid-50 lgc-mobile-grid-100 lgc-equal-heights \"><div  class=\"inside-grid-column\">\n<h2 style=\"text-align: justify;\"><strong>Visi\u00f3n<\/strong><\/h2>\n<p style=\"text-align: justify;\">Ser la empresa p\u00fablica referente a nivel nacional que a trav\u00e9s de la comercializaci\u00f3n de bienes y servicios art\u00edsticos, educativos y culturales, fomenta la econom\u00eda de la cultura, promueve la innovaci\u00f3n y vincula el conocimiento producido en la Universidad de las Artes con la sociedad, para contribuir a la transformaci\u00f3n social del pa\u00eds.<\/p>\n<\/div><\/div>\n","protected":false},"excerpt":{"rendered":"&nbsp; Acerca\/ Sobre\/ La Empresa P\u00fablica de la Universidad de las Artes - UArtes EP inici\u00f3 sus operaciones el 1 de diciembre de 2022 como una persona jur\u00eddica de derecho [...]","protected":false},"author":1,"featured_media":921,"parent":0,"menu_order":0,"comment_status":"closed","ping_status":"closed","template":"","meta":{"site-sidebar-layout":"no-sidebar","site-content-layout":"","ast-site-content-layout":"default","site-content-style":"default","site-sidebar-style":"default","ast-global-header-display":"","ast-banner-title-visibility":"","ast-main-header-display":"","ast-hfb-above-header-display":"","ast-hfb-below-header-display":"","ast-hfb-mobile-header-display":"","site-post-title":"","ast-breadcrumbs-content":"","ast-featured-img":"","footer-sml-layout":"","theme-transparent-header-meta":"default","adv-header-id-meta":"","stick-header-meta":"default","header-above-stick-meta":"","header-main-stick-meta":"","header-below-stick-meta":"","astra-migrate-meta-layouts":"set","ast-page-background-enabled":"default","ast-page-background-meta":{"desktop":{"background-color":"var(--ast-global-color-4)","background-image":"","background-repeat":"repeat","background-position":"center center","background-size":"auto","background-attachment":"scroll","background-type":"","background-media":"","overlay-type":"","overlay-color":"","overlay-opacity":"","overlay-gradient":""},"tablet":{"background-color":"","background-image":"","background-repeat":"repeat","background-position":"center center","background-size":"auto","background-attachment":"scroll","background-type":"","background-media":"","overlay-type":"","overlay-color":"","overlay-opacity":"","overlay-gradient":""},"mobile":{"background-color":"","background-image":"","background-repeat":"repeat","background-position":"center center","background-size":"auto","background-attachment":"scroll","background-type":"","background-media":"","overlay-type":"","overlay-color":"","overlay-opacity":"","overlay-gradient":""}},"ast-content-background-meta":{"desktop":{"background-color":"var(--ast-global-color-5)","background-image":"","background-repeat":"repeat","background-position":"center center","background-size":"auto","background-attachment":"scroll","background-type":"","background-media":"","overlay-type":"","overlay-color":"","overlay-opacity":"","overlay-gradient":""},"tablet":{"background-color":"var(--ast-global-color-5)","background-image":"","background-repeat":"repeat","background-position":"center center","background-size":"auto","background-attachment":"scroll","background-type":"","background-media":"","overlay-type":"","overlay-color":"","overlay-opacity":"","overlay-gradient":""},"mobile":{"background-color":"var(--ast-global-color-5)","background-image":"","background-repeat":"repeat","background-position":"center center","background-size":"auto","background-attachment":"scroll","background-type":"","background-media":"","overlay-type":"","overlay-color":"","overlay-opacity":"","overlay-gradient":""}},"footnotes":""},"class_list":["post-321","page","type-page","status-publish","has-post-thumbnail","hentry"],"_links":{"self":[{"href":"https:\/\/uartesep.gob.ec\/index.php\/wp-json\/wp\/v2\/pages\/321","targetHints":{"allow":["GET"]}}],"collection":[{"href":"https:\/\/uartesep.gob.ec\/index.php\/wp-json\/wp\/v2\/pages"}],"about":[{"href":"https:\/\/uartesep.gob.ec\/index.php\/wp-json\/wp\/v2\/types\/page"}],"author":[{"embeddable":true,"href":"https:\/\/uartesep.gob.ec\/index.php\/wp-json\/wp\/v2\/users\/1"}],"replies":[{"embeddable":true,"href":"https:\/\/uartesep.gob.ec\/index.php\/wp-json\/wp\/v2\/comments?post=321"}],"version-history":[{"count":24,"href":"https:\/\/uartesep.gob.ec\/index.php\/wp-json\/wp\/v2\/pages\/321\/revisions"}],"predecessor-version":[{"id":1078,"href":"https:\/\/uartesep.gob.ec\/index.php\/wp-json\/wp\/v2\/pages\/321\/revisions\/1078"}],"wp:featuredmedia":[{"embeddable":true,"href":"https:\/\/uartesep.gob.ec\/index.php\/wp-json\/wp\/v2\/media\/921"}],"wp:attachment":[{"href":"https:\/\/uartesep.gob.ec\/index.php\/wp-json\/wp\/v2\/media?parent=321"}],"curies":[{"name":"wp","href":"https:\/\/api.w.org\/{rel}","templated":true}]}}