{"id":2445,"date":"2024-09-27T09:40:20","date_gmt":"2024-09-27T14:40:20","guid":{"rendered":"https:\/\/uartesep.gob.ec\/?page_id=2445"},"modified":"2024-10-24T14:54:15","modified_gmt":"2024-10-24T19:54:15","slug":"terminos-condiciones","status":"publish","type":"page","link":"https:\/\/uartesep.gob.ec\/index.php\/terminos-condiciones\/","title":{"rendered":"T\u00e9rminos y Condiciones"},"content":{"rendered":"<p style=\"text-align: center;\"><strong>T\u00c9RMINOS Y CONDICIONES<\/strong><br \/>\n\u00daltima actualizaci\u00f3n: 08 de mayo de 2024<\/p>\n<p style=\"text-align: justify;\"><strong>ACEPTACI\u00d3N DE LOS T\u00c9RMINOS Y CONDICIONES<\/strong><br \/>\nEl uso del sitio web <a href=\"https:\/\/uartesep.gob.ec\">www.uartesep.gob.ec<\/a> est\u00e1 sujeto a los presentes t\u00e9rminos y condiciones, as\u00ed como a la informaci\u00f3n legal contenida en los mismos. Al ingresar y hacer uso del sitio web, el usuario admite haber le\u00eddo y acepta expresa e incondicionalmente los T\u00e9rminos y Condiciones, las Pol\u00edticas, las reglas y todas las disposiciones que se establecen en la p\u00e1gina web <a href=\"https:\/\/uartesep.gob.ec\">www.uartesep.gob.ec<\/a>. En los casos en los que se solicita informaci\u00f3n personal al usuario, este se obliga a entregar informaci\u00f3n verdadera y actualizar sus datos de ser necesario; en ese sentido, la EMPRESA P\u00daBLICA DE LA UNIVERSIDAD DE LAS ARTES &#8211; UARTES EP en todo caso asumir\u00e1 que est\u00e1 contact\u00e1ndose directamente con el usuario debidamente facultado para efectuar el uso del sitio web, por lo cual no se asumir\u00e1 ninguna responsabilidad por suplantaci\u00f3n de identidad y no se har\u00e1 responsable por la informaci\u00f3n err\u00f3nea o fraudulenta que el usuario registre en este sitio web.<\/p>\n<p style=\"text-align: justify;\"><strong>OBLIGACIONES DEL USUARIO<\/strong><br \/>\nEl usuario es completamente responsable del acceso y correcto uso de los contenidos del sitio web. Y concretamente, se obliga de forma expresa e inequ\u00edvoca al cumplimiento de los presentes T\u00e9rminos y Condiciones, as\u00ed como a cumplir las especiales advertencias o instrucciones de uso contenidas en ellos, en el sitio web y a actuar siempre conforme a la ley, a las buenas costumbres y a las exigencias de la buena fe, empleando la diligencia debida, y absteni\u00e9ndose de utilizar el sitio web de cualquier forma que pueda impedir, da\u00f1ar o deteriorar el normal funcionamiento de la misma, los bienes o derechos de la EMPRESA P\u00daBLICA DE LA UNIVERSIDAD DE LAS ARTES &#8211; UARTES EP, de sus proveedores, del resto de usuarios o en general de cualquier tercero.<br \/>\nEl usuario del sitio web, adem\u00e1s de las obligaciones contenidas en cualquiera de los apartados de los presentes t\u00e9rminos y condiciones, deber\u00e1 cumplir con lo siguiente:<br \/>\n1. Leer y revisar peri\u00f3dicamente los presentes t\u00e9rminos y condiciones, a fin de conocer las modificaciones que se realicen sobre los mismos.<br \/>\n2. Utilizar el sitio web de forma adecuada, l\u00edcita y de conformidad con la legislaci\u00f3n aplicable y los presentes T\u00e9rminos y Condiciones.<br \/>\n3. En caso de hacer uso del formulario de contacto, completar de manera veraz los campos obligatorios del mismo, en donde se solicitan datos de car\u00e1cter personal como nombre de usuario, correo electr\u00f3nico, n\u00famero de tel\u00e9fono, domicilio, etc.<br \/>\n4. Hacerse responsable por las opiniones emitidas dentro del sitio web y de las consecuencias de esas opiniones. El lenguaje que utilice el usuario, deber\u00e1 respetar las normas de convivencia, la moral, los presentes t\u00e9rminos y condiciones, la normativa vigente y no vulnerar los derechos de terceros; caso contrario la EMPRESA P\u00daBLICA DE LA UNIVERSIDAD DE LAS ARTES &#8211; UARTES EP se reserva el derecho de retirarlo en cualquier momento.<br \/>\n5. No acceder o intentar acceder a recursos restringidos del sitio web, ni utilizar en cualquier forma y\/o manipular los datos de contenidos en el sitio web.<br \/>\n6. No infringir de ninguna manera los derechos de propiedad industrial e intelectual o las normas de protecci\u00f3n de datos de car\u00e1cter personal de la EMPRESA P\u00daBLICA DE LA UNIVERSIDAD DE LAS ARTES &#8211; UARTES EP, terceros y otros usuarios.<br \/>\n7. No suplantar la identidad de otra persona.<br \/>\n8. Hacerse responsable ante la EMPRESA P\u00daBLICA DE LA UNIVERSIDAD DE LAS ARTES &#8211; UARTES EP, por los gastos y\/o da\u00f1os y perjuicios que pudieran surgir como consecuencia del uso indebido que d\u00e9 al sitio web.<br \/>\nRESPONSABILIDAD LIMITADA DE LA UARTES EP<br \/>\nA lo largo de los presentes t\u00e9rminos y condiciones se establecen las exenciones de responsabilidad de la EMPRESA P\u00daBLICA DE LA UNIVERSIDAD DE LAS ARTES &#8211; UARTES EP, por lo tanto, se le recuerda al usuario que debe revisar detenidamente el documento a fin que tenga pleno conocimiento de las mismas.<br \/>\nLa EMPRESA P\u00daBLICA DE LA UNIVERSIDAD DE LAS ARTES &#8211; UARTES EP no se hace responsable por:<br \/>\n&#8211; El contenido o informaci\u00f3n de los sitios a los cuales el usuario pudiera acceder al establecer contacto a trav\u00e9s de este sitio web.<br \/>\n&#8211; Los comentarios y\/u opiniones vertidas por los usuarios dentro del sitio web. &#8211; Cualquier p\u00e9rdida, da\u00f1os (ya sean directos, indirectos o consecuentes), lesiones personales o gastos de cualquier naturaleza que pueda sufrir por usted o por terceros, como consecuencia que puede ser atribuible, directa o indirectamente, a su acceso y uso del sitio web, a la informaci\u00f3n contenida en el sitio web o al mal funcionamiento del sitio web por cualquier causa.<br \/>\nPROTECCI\u00d3N DE DATOS PERSONALES Y MEDIDAS DE SEGURIDAD<br \/>\nLa Pol\u00edtica de Privacidad del sitio web forma parte integral de los t\u00e9rminos y condiciones, el usuario deber\u00e1 revisar el documento que se encuentra adherido a este acuerdo. La EMPRESA P\u00daBLICA DE LA UNIVERSIDAD DE LAS ARTES &#8211; UARTES EP trabaja constantemente en una protecci\u00f3n adecuada del sitio web, y garantiza, dentro de las medidas de seguridad implantadas, que la informaci\u00f3n personal que los usuarios env\u00edan cuenta con la seguridad necesaria y que se mantiene la confidencialidad de las comunicaciones realizadas dentro del sitio web; sin embargo, no se responsabiliza por los actos de terceros u otros usuarios, que violenten las medidas de seguridad implantadas en el sitio web y que, a consecuencia de ello, tengan acceso a la informaci\u00f3n suministrada por los usuarios.<\/p>\n<p style=\"text-align: justify;\"><strong>PROPIEDAD INTELECTUAL Y MARCAS<\/strong><br \/>\nLos derechos de propiedad intelectual y propiedad industrial contenidos en el sitio web, entendiendo por estos a t\u00edtulo enunciativo m\u00e1s no taxativo: los textos, fotograf\u00edas, gr\u00e1ficos, im\u00e1genes, iconos, tecnolog\u00eda, dise\u00f1o gr\u00e1fico, estructura de navegaci\u00f3n, informaci\u00f3n, software, links, contenidos audiovisuales o sonoros, c\u00f3digos fuente, marcas, nombres comerciales o signos distintivos de cualquier clase que aparecen en la p\u00e1gina, pertenecen a la EMPRESA P\u00daBLICA DE LA UNIVERSIDAD DE LAS ARTES &#8211; UARTES EP, sus asociados\/aliados o terceros que autorizan a la EMPRESA P\u00daBLICA DE LA UNIVERSIDAD DE LAS ARTES &#8211; UARTES EP su explotaci\u00f3n y su uso; bajo ning\u00fan concepto se entender\u00e1 que, por el uso o acceso al sitio web www.uartesep.gob.ec, se haya cedido o licenciado al usuario los derechos de explotaci\u00f3n sobre los mismos, por lo tanto no podr\u00e1 hacer ning\u00fan uso de ellos sin contar con el previo consentimiento de sus titulares.<br \/>\nEl usuario no adquiere derecho alguno sobre los contenidos del sitio web, m\u00e1s all\u00e1 de lo estrictamente necesario para su correcto uso. El usuario declara conocer que corresponde a la EMPRESA P\u00daBLICA DE LA UNIVERSIDAD DE LAS ARTES &#8211; UARTES EP y\/o el ejercicio exclusivo de los derechos de explotaci\u00f3n sobre el sitio web y sus contenidos, en cualquier forma. En caso de uso no autorizado de los derechos de propiedad intelectual y propiedad industrial por parte del usuario, este indemnizar\u00e1 y ser\u00e1 responsable por todos los da\u00f1os y perjuicios y cancelar\u00e1 todos los derechos a los que haya lugar, a los titulares de tales derechos, al igual que ser\u00e1 sujeto de las acciones<br \/>\nciviles, penales, administrativas y dem\u00e1s acciones legales a las que hubiere lugar.<\/p>\n<p style=\"text-align: justify;\"><strong>ACTUALIZACI\u00d3N Y\/O MODIFICACI\u00d3N DE LOS T\u00c9RMINOS Y CONDICIONES, Y DEL SITIO WEB<\/strong><br \/>\nLa EMPRESA P\u00daBLICA DE LA UNIVERSIDAD DE LAS ARTES &#8211; UARTES EP se reserva el derecho en cualquier momento y sin previo aviso, de cambiar o modificar los presentes T\u00e9rminos y Condiciones. El usuario, al utilizar el sitio web www.uartesep.gob.ec, acepta darse por obligado por cualquiera de los cambios que se realicen, los mismos que podr\u00e1n efectuarse peri\u00f3dicamente, por lo cual deber\u00e1 leer con detenimiento este documento y revisarlo con regularidad. Las modificaciones entrar\u00e1n en vigor en el momento en que sean accesibles para el usuario.<br \/>\nLa EMPRESA P\u00daBLICA DE LA UNIVERSIDAD DE LAS ARTES &#8211; UARTES EP se reserva el derecho de efectuar, en cualquier momento y sin necesidad de previo aviso, actualizaciones, modificaciones o eliminaci\u00f3n de informaci\u00f3n contenida en su sitio web, en la configuraci\u00f3n y presentaci\u00f3n de esta y de las condiciones de acceso, sin asumir responsabilidad alguna por ello. COMENTARIOS O PREGUNTAS DE LOS T\u00c9RMINOS Y CONDICIONES Si usted tiene alguna pregunta o comentarios que surjan del sitio web, de la pol\u00edtica de privacidad, de los t\u00e9rminos y condiciones o la forma en que estamos manejando su informaci\u00f3n personal, por favor comun\u00edquese con nosotros a trav\u00e9s del correo uartes.ep@uartes.edu.ec o usando el formulario en la secci\u00f3n de Contacto.<\/p>\n<p style=\"text-align: justify;\"><strong>INDEPENDENCIA DE LAS CL\u00c1USULAS<\/strong><br \/>\nSi cualquiera de las cl\u00e1usulas o parte de ellas, que estuvieren contenidas en los presentes T\u00e9rminos y Condiciones fuera nula de pleno derecho o anulable, se tendr\u00e1 por no puesta; tal circunstancia no afectar\u00e1 la legalidad, validez, exigibilidad y eficacia del resto de las disposiciones aqu\u00ed contenidas. LEGISLACI\u00d3N APLICABLE Los T\u00e9rminos y condiciones, las pol\u00edticas y las comunicaciones se regir\u00e1n e interpretar\u00e1n de acuerdo con las leyes ecuatorianas. El usuario se somete a la jurisdicci\u00f3n de Guayaquil &#8211; Ecuador, en relaci\u00f3n con las controversias que surjan con respecto al sitio web, los t\u00e9rminos y condiciones, pol\u00edticas y avisos o cualquier asunto relacionado. SOLUCI\u00d3N DE CONFLICTOS Al utilizar de cualquier manera el Sitio Web, las partes convienen irrevocablemente que, en caso de surgir disputas entre ellas por raz\u00f3n o con ocasi\u00f3n del presente contrato, realizar\u00e1n los mejores esfuerzos para buscar y encontrar una soluci\u00f3n mutuamente aceptable. Si las partes no pudieren encontrar una soluci\u00f3n durante un plazo de 10 d\u00edas calendario contados a partir de la notificaci\u00f3n del conflicto a la contraparte, toda controversia derivada de la celebraci\u00f3n, interpretaci\u00f3n, ejecuci\u00f3n, liquidaci\u00f3n y terminaci\u00f3n de los presentes T\u00e9rminos y Condiciones, as\u00ed como de la Pol\u00edtica de Privacidad se resolver\u00e1 de acuerdo a lo establecido en las normas procesales y ante los jueces competentes del cant\u00f3n Guayaquil.<\/p>\n<p style=\"text-align: justify;\"><strong>CONTACTO<\/strong><br \/>\nSi tiene alguna pregunta sobre los t\u00e9rminos y condiciones, puede contactarnos a trav\u00e9s del formulario de contacto o por correo electr\u00f3nico: <a href=\"mailto:uartes.ep@uartes.edu.ec\">uartes.ep@uartes.edu.ec<\/a>.<\/p>\n","protected":false},"excerpt":{"rendered":"<p>T\u00c9RMINOS Y CONDICIONES \u00daltima actualizaci\u00f3n: 08 de mayo de 2024 ACEPTACI\u00d3N DE LOS T\u00c9RMINOS Y CONDICIONES El uso del sitio web www.uartesep.gob.ec est\u00e1 sujeto a los presentes t\u00e9rminos y condiciones, [&hellip;]<\/p>\n","protected":false},"author":1,"featured_media":0,"parent":0,"menu_order":0,"comment_status":"closed","ping_status":"closed","template":"","meta":{"site-sidebar-layout":"default","site-content-layout":"","ast-site-content-layout":"default","site-content-style":"default","site-sidebar-style":"default","ast-global-header-display":"","ast-banner-title-visibility":"","ast-main-header-display":"","ast-hfb-above-header-display":"","ast-hfb-below-header-display":"","ast-hfb-mobile-header-display":"","site-post-title":"","ast-breadcrumbs-content":"","ast-featured-img":"","footer-sml-layout":"","theme-transparent-header-meta":"default","adv-header-id-meta":"","stick-header-meta":"","header-above-stick-meta":"","header-main-stick-meta":"","header-below-stick-meta":"","astra-migrate-meta-layouts":"set","ast-page-background-enabled":"default","ast-page-background-meta":{"desktop":{"background-color":"var(--ast-global-color-4)","background-image":"","background-repeat":"repeat","background-position":"center center","background-size":"auto","background-attachment":"scroll","background-type":"","background-media":"","overlay-type":"","overlay-color":"","overlay-opacity":"","overlay-gradient":""},"tablet":{"background-color":"","background-image":"","background-repeat":"repeat","background-position":"center center","background-size":"auto","background-attachment":"scroll","background-type":"","background-media":"","overlay-type":"","overlay-color":"","overlay-opacity":"","overlay-gradient":""},"mobile":{"background-color":"","background-image":"","background-repeat":"repeat","background-position":"center center","background-size":"auto","background-attachment":"scroll","background-type":"","background-media":"","overlay-type":"","overlay-color":"","overlay-opacity":"","overlay-gradient":""}},"ast-content-background-meta":{"desktop":{"background-color":"var(--ast-global-color-5)","background-image":"","background-repeat":"repeat","background-position":"center center","background-size":"auto","background-attachment":"scroll","background-type":"","background-media":"","overlay-type":"","overlay-color":"","overlay-opacity":"","overlay-gradient":""},"tablet":{"background-color":"var(--ast-global-color-5)","background-image":"","background-repeat":"repeat","background-position":"center center","background-size":"auto","background-attachment":"scroll","background-type":"","background-media":"","overlay-type":"","overlay-color":"","overlay-opacity":"","overlay-gradient":""},"mobile":{"background-color":"var(--ast-global-color-5)","background-image":"","background-repeat":"repeat","background-position":"center center","background-size":"auto","background-attachment":"scroll","background-type":"","background-media":"","overlay-type":"","overlay-color":"","overlay-opacity":"","overlay-gradient":""}},"footnotes":""},"class_list":["post-2445","page","type-page","status-publish","hentry"],"_links":{"self":[{"href":"https:\/\/uartesep.gob.ec\/index.php\/wp-json\/wp\/v2\/pages\/2445","targetHints":{"allow":["GET"]}}],"collection":[{"href":"https:\/\/uartesep.gob.ec\/index.php\/wp-json\/wp\/v2\/pages"}],"about":[{"href":"https:\/\/uartesep.gob.ec\/index.php\/wp-json\/wp\/v2\/types\/page"}],"author":[{"embeddable":true,"href":"https:\/\/uartesep.gob.ec\/index.php\/wp-json\/wp\/v2\/users\/1"}],"replies":[{"embeddable":true,"href":"https:\/\/uartesep.gob.ec\/index.php\/wp-json\/wp\/v2\/comments?post=2445"}],"version-history":[{"count":5,"href":"https:\/\/uartesep.gob.ec\/index.php\/wp-json\/wp\/v2\/pages\/2445\/revisions"}],"predecessor-version":[{"id":2457,"href":"https:\/\/uartesep.gob.ec\/index.php\/wp-json\/wp\/v2\/pages\/2445\/revisions\/2457"}],"wp:attachment":[{"href":"https:\/\/uartesep.gob.ec\/index.php\/wp-json\/wp\/v2\/media?parent=2445"}],"curies":[{"name":"wp","href":"https:\/\/api.w.org\/{rel}","templated":true}]}}