{"id":2444,"date":"2024-09-27T09:35:10","date_gmt":"2024-09-27T14:35:10","guid":{"rendered":"https:\/\/uartesep.gob.ec\/?page_id=2444"},"modified":"2024-10-24T15:04:19","modified_gmt":"2024-10-24T20:04:19","slug":"politicas-de-privacidad","status":"publish","type":"page","link":"https:\/\/uartesep.gob.ec\/index.php\/politicas-de-privacidad\/","title":{"rendered":"Pol\u00edticas de Privacidad"},"content":{"rendered":"<p style=\"text-align: center;\"><strong>POL\u00cdTICA DE PRIVACIDAD<\/strong><br \/>\n\u00daltima actualizaci\u00f3n 08 de mayo de 2024<\/p>\n<p style=\"text-align: justify;\">Nuestra pol\u00edtica de privacidad tiene la finalidad de informar las condiciones de uso y protecci\u00f3n de los datos personales que usted proporciona al momento de usar el sitio web <a href=\"https:\/\/uartesep.gob.ec\">www.uartesep.gob.ec<\/a>.<br \/>\nAl utilizar el servicio y abrir nuestra p\u00e1gina, acepta la recopilaci\u00f3n y el uso de informaci\u00f3n de acuerdo con esta pol\u00edtica de protecci\u00f3n de datos personales y aviso de privacidad.<\/p>\n<p style=\"text-align: justify;\"><strong>CONDICIONES Y\/O DISPOSICIONES GENERALES DE USO Y SU ACEPTACI\u00d3N:<\/strong><br \/>\nEn el presente documento encontrar\u00e1 toda la informaci\u00f3n que la EMPRESA P\u00daBLICA DE LA UNIVERSIDAD DE LAS ARTES &#8211; UARTES EP, como propietario y administrador del sitio web, realizar\u00e1 con sus datos. Al continuar navegando usted se sujeta a estas pol\u00edticas, as\u00ed como al cumplimiento de los t\u00e9rminos y condiciones, disposiciones y condiciones aqu\u00ed estipulados. Se entender\u00e1 que, la EMPRESA P\u00daBLICA DE LA UNIVERSIDAD DE LAS ARTES &#8211; UARTES EP cuenta con la plena aceptaci\u00f3n por parte del usuario, respecto del uso que le d\u00e9 a la informaci\u00f3n que este proporcione durante la interacci\u00f3n que realice en la p\u00e1gina web.<br \/>\nSe recomienda a los usuarios que accedan a nuestro sitio web, que lean atentamente todo lo aqu\u00ed establecido, lo cual adem\u00e1s estar\u00e1 sujeto a modificaciones.<\/p>\n<p style=\"text-align: justify;\"><strong>RECOPILACI\u00d3N Y USO DE SUS DATOS PERSONALES<\/strong><br \/>\nEl tipo de datos que la EMPRESA P\u00daBLICA DE LA UNIVERSIDAD DE LAS ARTES &#8211; UARTES EP recopila son informaci\u00f3n personal. Al momento de acceder a la secci\u00f3n de contacto o para registrarse con una cuenta en el sitio web, el usuario proporcionar\u00e1 informaci\u00f3n de identificaci\u00f3n personal que pueda usarse para contactarlo o identificarlo.<br \/>\nLa informaci\u00f3n de identificaci\u00f3n personal puede incluir, pero no se limita a:<br \/>\n&#8211; Nombres y apellidos<br \/>\n&#8211; Correo electr\u00f3nico<br \/>\n&#8211; N\u00famero de tel\u00e9fono<br \/>\n&#8211; Edad<br \/>\n&#8211; Domicilio<br \/>\n&#8211; N\u00famero de identificaci\u00f3n \/ RUC<br \/>\nAs\u00ed mismo podr\u00e1 ser requerida informaci\u00f3n adicional, que sea necesaria para procesar alg\u00fan pago o emisi\u00f3n de comprobantes.<br \/>\nLa EMPRESA P\u00daBLICA DE LA UNIVERSIDAD DE LAS ARTES &#8211; UARTES EP podr\u00e1 tambi\u00e9n, y cuando considere necesario, requerir informaci\u00f3n espec\u00edfica adicional por otros canales de comunicaci\u00f3n como redes sociales, tel\u00e9fonos, correos electr\u00f3nicos, aplicaciones, etc., en dichos canales tambi\u00e9n se aplicar\u00e1 la presente pol\u00edtica.<\/p>\n<p style=\"text-align: justify;\"><strong>USO DE LA INFORMACI\u00d3N RECOPILADA<\/strong><br \/>\nLos datos personales recopilados pueden ser utilizados por la EMPRESA P\u00daBLICA DE LA UNIVERSIDAD DE LAS ARTES &#8211; UARTES EP para los siguientes prop\u00f3sitos:<\/p>\n<p style=\"text-align: justify;\">&#8211; Atender y gestionar las solicitudes de los usuarios<br \/>\n&#8211; Administrar su registro como usuario<br \/>\n&#8211; Cumplir con las obligaciones legales que se deriven de la relaci\u00f3n entre la EMPRESA P\u00daBLICA DE LA UNIVERSIDAD DE LAS ARTES &#8211; UARTES EP y los usuarios.<br \/>\n&#8211; Contactar al usuario por correo electr\u00f3nico, correo a domicilio, llamadas telef\u00f3nicas, SMS, WhatsApp u otras formas equivalentes de comunicaci\u00f3n electr\u00f3nica, sobre actualizaciones o comunicaciones inform\u00e1ticas relacionadas con las funcionalidades, productos o servicios, actividades, eventos, incluidas las actualizaciones de seguridad, cuando sea necesario o razonable para su implementaci\u00f3n.<br \/>\n&#8211; Enviar boletines informativos acerca del sitio web. &#8211; Formar una base de datos de clientes &#8211; Para otros fines: como an\u00e1lisis de datos, identificaci\u00f3n de tendencias de uso, determinaci\u00f3n de la efectividad de nuestras campa\u00f1as promocionales y para evaluar y mejorar nuestro servicio, productos, servicios, marketing y su experiencia.<br \/>\nLa informaci\u00f3n que los usuarios proporcionen a la EMPRESA P\u00daBLICA DE LA UNIVERSIDAD DE LAS ARTES &#8211; UARTES EP se puede compartir en las siguientes situaciones:<br \/>\n&#8211; Con proveedores de servicios de la UArtes EP: podemos compartir la informaci\u00f3n personal con los proveedores que est\u00e1n relacionados en la prestaci\u00f3n del servicio que se da al usuario.<br \/>\n&#8211; Con socios o aliados comerciales: podemos compartir su informaci\u00f3n con nuestros socios comerciales para ofrecerle ciertos productos, servicios o promociones.<br \/>\n&#8211; Con otros usuarios: cuando comparte informaci\u00f3n personal o interact\u00faa de otro modo en las \u00e1reas p\u00fablicas con otros usuarios, dicha informaci\u00f3n puede ser vista por todos los usuarios sin l\u00edmite geogr\u00e1fico. Si interact\u00faa con otros usuarios o se registra a trav\u00e9s de un servicio de redes sociales de terceros, sus contactos en el servicio de redes sociales de terceros pueden ver su nombre, perfil, im\u00e1genes y descripci\u00f3n de su actividad. Del mismo modo, otros usuarios podr\u00e1n ver descripciones de su actividad, comunicarse con usted y ver su perfil.<br \/>\n&#8211; Con su consentimiento: podemos divulgar su informaci\u00f3n personal para cualquier otro prop\u00f3sito.<br \/>\nEl tratamiento de los datos personales que los usuarios proporcionan a trav\u00e9s de los canales identificados en el presente documento, es responsabilidad de la EMPRESA P\u00daBLICA DE LA UNIVERSIDAD DE LAS ARTES &#8211; UARTES EP y de los encargados que esta designe para tal efecto, lo que significa que el procesamiento puede darse en cualquier otro lugar (provincia, ciudad, pa\u00eds) donde se encuentren estos encargados. Su consentimiento a esta pol\u00edtica de privacidad seguido del env\u00edo de dicha informaci\u00f3n representa su acuerdo con esa transferencia de datos para el procesamiento.<br \/>\nLa EMPRESA P\u00daBLICA DE LA UNIVERSIDAD DE LAS ARTES &#8211; UARTES EP tomar\u00e1 todas las medidas razonablemente necesarias para garantizar que sus datos sean tratados de forma segura y de acuerdo con esta Pol\u00edtica de Privacidad y no se realizar\u00e1 ninguna transferencia de sus datos personales sin que existan controles adecuados establecidos, incluida la seguridad de sus datos y otra informaci\u00f3n personal.<\/p>\n<p style=\"text-align: justify;\"><strong>CONTROL DE LA INFORMACI\u00d3N PERSONAL <\/strong><\/p>\n<p style=\"text-align: justify;\">Cuando utiliza el formulario de contacto y nos proporciona informaci\u00f3n personal, la EMPRESA P\u00daBLICA DE LA UNIVERSIDAD DE LAS ARTES &#8211; UARTES EP no distribuye ni comparte ninguno de los datos proporcionados por los usuarios y\/o direcciones de correo electr\u00f3nico, con otros usuarios o terceros, salvo en los casos determinados en este documento, que se cuente con su autorizaci\u00f3n expresa o que la informaci\u00f3n deba ser revelada en cumplimiento a una orden judicial o requerimientos legales.<br \/>\nLa EMPRESA P\u00daBLICA DE LA UNIVERSIDAD DE LAS ARTES &#8211; UARTES EP tiene como prioridad la protecci\u00f3n de los datos personales que son proporcionados por sus usuarios. Usted puede navegar por nuestro sitio web sin proporcionar su informaci\u00f3n personal, sin embargo, podemos recopilar cierta informaci\u00f3n de forma automatizada y an\u00f3nima a trav\u00e9s de Cookies y\/o Pixel Tags que nos permiten conocer su direcci\u00f3n IP, el navegador web y la actividad general que realiza en nuestro sitio con el fin de mejorar su experiencia al visitarnos.<br \/>\nLos titulares de los datos personales pueden ejercitar en cualquier momento los derechos reconocidos en la Ley Org\u00e1nica de Protecci\u00f3n de Datos Personales: de acceso, eliminaci\u00f3n, rectificaci\u00f3n y actualizaci\u00f3n, oposici\u00f3n, anulaci\u00f3n, limitaci\u00f3n del tratamiento, y la acci\u00f3n de habeas data. Para el ejercicio de estos derechos, el usuario se dirigir\u00e1 al correo electr\u00f3nico: <a href=\"mailto:uartes.ep@uartes.edu.ec\">uartes.ep@uartes.edu.ec<\/a>, en el cual especificar\u00e1 el objeto de su solicitud y los motivos de la misma, tambi\u00e9n deber\u00e1 adjuntar el documento de identidad con el cual acreditar\u00e1 la titularidad sobre los datos personales. Cumpliremos con sus requerimientos dentro de los plazos establecidos en la Ley, salvo que exista una excepci\u00f3n legal que nos impida hacerlo, en cuyo caso le informaremos de la misma.<br \/>\nLos usuarios que hayan aceptado recibir por correo electr\u00f3nico, boletines de promociones y noticias de la EMPRESA P\u00daBLICA DE LA UNIVERSIDAD DE LAS ARTES &#8211; UARTES EP podr\u00e1n cancelar la suscripci\u00f3n en cualquier momento; dentro de los correos electr\u00f3nicos se habilitar\u00e1 una opci\u00f3n para darse de baja de los boletines y cancelar la suscripci\u00f3n.<\/p>\n<p style=\"text-align: justify;\"><strong>CONSERVACI\u00d3N DE DATOS PERSONALES<\/strong><br \/>\nLa EMPRESA P\u00daBLICA DE LA UNIVERSIDAD DE LAS ARTES &#8211; UARTES EP retendr\u00e1 sus datos personales solo durante el tiempo que sea necesario para los fines establecidos en esta pol\u00edtica de privacidad. Retendremos y usaremos sus datos personales en la medida necesaria para cumplir con nuestras obligaciones legales (por ejemplo, si estamos obligados a retener sus datos para cumplir con las leyes aplicables), resolver disputas y hacer cumplir nuestros acuerdos y pol\u00edticas legales.<br \/>\nLa EMPRESA P\u00daBLICA DE LA UNIVERSIDAD DE LAS ARTES &#8211; UARTES EP tambi\u00e9n retendr\u00e1 los datos de uso con fines de an\u00e1lisis interno. Los datos de uso generalmente se conservan por un per\u00edodo de tiempo m\u00e1s corto, excepto cuando estos datos se utilizan para fortalecer la seguridad o mejorar la funcionalidad de nuestro servicio, o estamos legalmente obligados a retener estos datos por per\u00edodos de tiempo m\u00e1s largos.<\/p>\n<p style=\"text-align: justify;\"><strong>ENLACES A TERCEROS<\/strong><br \/>\nNuestro sitio web puede contener enlaces a otros sitios que no son operados por la EMPRESA P\u00daBLICA DE LA UNIVERSIDAD DE LAS ARTES &#8211; UARTES EP, si da clic en dichos enlaces y sale de nuestra p\u00e1gina, le recomendamos que revise la pol\u00edtica de privacidad de cada sitio que visite, puesto que, no tenemos control, ni asumimos ninguna responsabilidad por el contenido, las pol\u00edticas de privacidad o las pr\u00e1cticas de sitios o servicios de terceros.<\/p>\n<p style=\"text-align: justify;\"><strong>SEGURIDAD DE SUS DATOS PERSONALES<\/strong><br \/>\nLa seguridad de sus datos personales es importante para nosotros, pero recuerde que ning\u00fan m\u00e9todo de transmisi\u00f3n a trav\u00e9s de Internet o m\u00e9todo de almacenamiento electr\u00f3nico es 100% seguro. Si bien nos esforzamos por utilizar medios comercialmente aceptables para proteger sus datos personales, no podemos garantizar su seguridad absoluta.<\/p>\n<p style=\"text-align: justify;\"><strong>CAMBIOS Y MODIFICACIONES EN LA POL\u00cdTICA DE PRIVACIDAD<\/strong><br \/>\nLa EMPRESA P\u00daBLICA DE LA UNIVERSIDAD DE LAS ARTES &#8211; UARTES EP podr\u00e1, en cualquier momento y sin necesidad de previo aviso, modificar los t\u00e9rminos y condiciones, pol\u00edtica de privacidad o avisos, contenidos, informaci\u00f3n, configuraci\u00f3n, servicios, productos, cantidades, entre otros.<br \/>\nLos usuarios que accedan al sitio web, se registren en el formulario de contacto o creen una cuenta, reconocen que quedan obligados a la \u00faltima versi\u00f3n de los t\u00e9rminos y condiciones y pol\u00edtica de privacidad, por lo que se les recomienda revisar la versi\u00f3n actualizada de estos documentos cada vez que visiten el sitio web. LEGISLACI\u00d3N APLICABLE Los t\u00e9rminos y condiciones, la pol\u00edtica de privacidad y las comunicaciones se regir\u00e1n e interpretar\u00e1n de acuerdo con las leyes ecuatorianas. El usuario se somete a la jurisdicci\u00f3n de Guayaquil &#8211; Ecuador, en relaci\u00f3n con las controversias que surjan con respecto al sitio web, los T\u00e9rminos y condiciones, pol\u00edticas y avisos o cualquier asunto relacionado.<\/p>\n<p style=\"text-align: justify;\"><strong>CONTACTO<\/strong><br \/>\nSi tiene alguna pregunta sobre esta pol\u00edtica de privacidad, puede contactarnos a trav\u00e9s del formulario de contacto o por correo electr\u00f3nico: <a href=\"mailto:uartes.ep@uartes.edu.ec\">uartes.ep@uartes.edu.ec<\/a>.<\/p>\n<p style=\"text-align: right;\"><em>\u00daltima actualizaci\u00f3n 08 de mayo de 2024<\/em><\/p>\n<p><a href=\"http:\/\/uartesep.gob.ec\/wp-content\/uploads\/2024\/10\/formulario_para_el_ejercicio_de_derechos_sobre_el_tratamiento_de_datos_personales-1.pdf\">Formulario para el ejercicio de derechos sobre el tratamiento de datos personales<\/a><\/p>\n","protected":false},"excerpt":{"rendered":"<p>POL\u00cdTICA DE PRIVACIDAD \u00daltima actualizaci\u00f3n 08 de mayo de 2024 Nuestra pol\u00edtica de privacidad tiene la finalidad de informar las condiciones de uso y protecci\u00f3n de los datos personales que [&hellip;]<\/p>\n","protected":false},"author":1,"featured_media":0,"parent":0,"menu_order":0,"comment_status":"closed","ping_status":"closed","template":"","meta":{"site-sidebar-layout":"default","site-content-layout":"","ast-site-content-layout":"default","site-content-style":"default","site-sidebar-style":"default","ast-global-header-display":"","ast-banner-title-visibility":"","ast-main-header-display":"","ast-hfb-above-header-display":"","ast-hfb-below-header-display":"","ast-hfb-mobile-header-display":"","site-post-title":"","ast-breadcrumbs-content":"","ast-featured-img":"","footer-sml-layout":"","theme-transparent-header-meta":"default","adv-header-id-meta":"","stick-header-meta":"","header-above-stick-meta":"","header-main-stick-meta":"","header-below-stick-meta":"","astra-migrate-meta-layouts":"set","ast-page-background-enabled":"default","ast-page-background-meta":{"desktop":{"background-color":"var(--ast-global-color-4)","background-image":"","background-repeat":"repeat","background-position":"center center","background-size":"auto","background-attachment":"scroll","background-type":"","background-media":"","overlay-type":"","overlay-color":"","overlay-opacity":"","overlay-gradient":""},"tablet":{"background-color":"","background-image":"","background-repeat":"repeat","background-position":"center center","background-size":"auto","background-attachment":"scroll","background-type":"","background-media":"","overlay-type":"","overlay-color":"","overlay-opacity":"","overlay-gradient":""},"mobile":{"background-color":"","background-image":"","background-repeat":"repeat","background-position":"center center","background-size":"auto","background-attachment":"scroll","background-type":"","background-media":"","overlay-type":"","overlay-color":"","overlay-opacity":"","overlay-gradient":""}},"ast-content-background-meta":{"desktop":{"background-color":"var(--ast-global-color-5)","background-image":"","background-repeat":"repeat","background-position":"center center","background-size":"auto","background-attachment":"scroll","background-type":"","background-media":"","overlay-type":"","overlay-color":"","overlay-opacity":"","overlay-gradient":""},"tablet":{"background-color":"var(--ast-global-color-5)","background-image":"","background-repeat":"repeat","background-position":"center center","background-size":"auto","background-attachment":"scroll","background-type":"","background-media":"","overlay-type":"","overlay-color":"","overlay-opacity":"","overlay-gradient":""},"mobile":{"background-color":"var(--ast-global-color-5)","background-image":"","background-repeat":"repeat","background-position":"center center","background-size":"auto","background-attachment":"scroll","background-type":"","background-media":"","overlay-type":"","overlay-color":"","overlay-opacity":"","overlay-gradient":""}},"footnotes":""},"class_list":["post-2444","page","type-page","status-publish","hentry"],"_links":{"self":[{"href":"https:\/\/uartesep.gob.ec\/index.php\/wp-json\/wp\/v2\/pages\/2444","targetHints":{"allow":["GET"]}}],"collection":[{"href":"https:\/\/uartesep.gob.ec\/index.php\/wp-json\/wp\/v2\/pages"}],"about":[{"href":"https:\/\/uartesep.gob.ec\/index.php\/wp-json\/wp\/v2\/types\/page"}],"author":[{"embeddable":true,"href":"https:\/\/uartesep.gob.ec\/index.php\/wp-json\/wp\/v2\/users\/1"}],"replies":[{"embeddable":true,"href":"https:\/\/uartesep.gob.ec\/index.php\/wp-json\/wp\/v2\/comments?post=2444"}],"version-history":[{"count":4,"href":"https:\/\/uartesep.gob.ec\/index.php\/wp-json\/wp\/v2\/pages\/2444\/revisions"}],"predecessor-version":[{"id":2465,"href":"https:\/\/uartesep.gob.ec\/index.php\/wp-json\/wp\/v2\/pages\/2444\/revisions\/2465"}],"wp:attachment":[{"href":"https:\/\/uartesep.gob.ec\/index.php\/wp-json\/wp\/v2\/media?parent=2444"}],"curies":[{"name":"wp","href":"https:\/\/api.w.org\/{rel}","templated":true}]}}