{"id":1036,"date":"2023-12-08T09:21:35","date_gmt":"2023-12-08T14:21:35","guid":{"rendered":"https:\/\/ilionsystems.com\/uartesep\/?page_id=1036"},"modified":"2026-04-08T21:57:31","modified_gmt":"2026-04-09T02:57:31","slug":"rendicion-de-cuentas-2","status":"publish","type":"page","link":"https:\/\/uartesep.gob.ec\/index.php\/rendicion-de-cuentas-2\/","title":{"rendered":"Rendici\u00f3n de cuentas"},"content":{"rendered":"<section class=\"wpb-content-wrapper\">[vc_row][vc_column][vc_column_text]\n<h4><\/h4>\n<h4 style=\"text-align: center;\"><strong>RENDICI\u00d3N DE CUENTAS<\/strong><\/h4>\n[\/vc_column_text][\/vc_column][\/vc_row][vc_row][vc_column][vc_accordion][vc_accordion_tab title=&#8221;RENDICI\u00d3N DE CUENTAS&#8221;][vc_wp_text][\/vc_wp_text][\/vc_accordion_tab][vc_accordion_tab title=&#8221;2025&#8243;][vc_wp_text]\n<h2><strong>2025<\/strong><\/h2>\n<div class=\"su-accordion su-u-trim\"><\/div><div class=\"su-spoiler su-spoiler-style-default su-spoiler-icon-plus su-spoiler-closed\" data-scroll-offset=\"0\" data-anchor-in-url=\"no\"><div class=\"su-spoiler-title\" tabindex=\"0\" role=\"button\"><span class=\"su-spoiler-icon\"><\/span>Fase 1: Organizaci\u00f3n interna Institucional del proceso de Rendici\u00f3n de Cuentas<\/div><div class=\"su-spoiler-content su-u-clearfix su-u-trim\">\n<p><a href=\"http:\/\/uartesep.gob.ec\/wp-content\/uploads\/2026\/03\/UAEP-GG-2026-0012-M.pdf\">Conformaci\u00f3n del Equipo de Rendici\u00f3n de Cuentas 2025<\/a><\/p>\n<p><a href=\"http:\/\/uartesep.gob.ec\/wp-content\/uploads\/2026\/03\/PDF_20260331_073455acta_1.pdf\">Dise\u00f1o de la propuesta del proceso de rendici\u00f3n de cuentas 2025<\/a><\/p>\n<\/div><\/div>\n<div class=\"su-accordion su-u-trim\"><\/div><div class=\"su-spoiler su-spoiler-style-default su-spoiler-icon-plus su-spoiler-closed\" data-scroll-offset=\"0\" data-anchor-in-url=\"no\"><div class=\"su-spoiler-title\" tabindex=\"0\" role=\"button\"><span class=\"su-spoiler-icon\"><\/span>Fase 2: Elaboraci\u00f3n del Informe de Rendici\u00f3n de Cuentas<\/div><div class=\"su-spoiler-content su-u-clearfix su-u-trim\">\n<p><a href=\"http:\/\/uartesep.gob.ec\/wp-content\/uploads\/2026\/04\/UAEP-GG-2026-0037-M.pdf\">Socializaci\u00f3n interna y aprobaci\u00f3n del Informe de Rendici\u00f3n de Cuentas 2025<\/a><\/p>\n<p><a href=\"http:\/\/uartesep.gob.ec\/wp-content\/uploads\/2026\/04\/informe_narrativo_de_rendicion_de_cuentas_2025.pdf\">Informe de Rendici\u00f3n de Cuentas 2025<\/a><\/p>\n<p><a href=\"http:\/\/uartesep.gob.ec\/wp-content\/uploads\/2026\/04\/formulario_preliminar_de_rendicion_de_cuentas_2025.pdf\">Entrega del Informe de Rendici\u00f3n de Cuentas al CPCCS, a trav\u00e9s del ingreso del informe en el sistema virtual<\/a><\/p>\n<p><a href=\"http:\/\/uartesep.gob.ec\/wp-content\/uploads\/2026\/03\/Informe.pdf\">Evaluaci\u00f3n de Gesti\u00f3n Institucional 2025<\/a><\/p>\n<\/div><\/div>\n<div class=\"su-accordion su-u-trim\"><\/div><div class=\"su-spoiler su-spoiler-style-default su-spoiler-icon-plus su-spoiler-closed\" data-scroll-offset=\"0\" data-anchor-in-url=\"no\"><div class=\"su-spoiler-title\" tabindex=\"0\" role=\"button\"><span class=\"su-spoiler-icon\"><\/span>Fase 3: Deliberaci\u00f3n P\u00fablica de Rendici\u00f3n de Cuentas<\/div><div class=\"su-spoiler-content su-u-clearfix su-u-trim\">\n<p><a href=\"http:\/\/uartesep.gob.ec\/wp-content\/uploads\/2026\/04\/DIFUSION-DEL-INFORME-DE-RENDICION-DE-CUENTAS-E-INVITACION-AL-EVENTO.pdf\">Difusi\u00f3n del Informe de Rendici\u00f3n de Cuentas<\/a><\/p>\n<p>Planificaci\u00f3n de los eventos participativos<\/p>\n<p>Realizaci\u00f3n del evento de Rendici\u00f3n de Cuentas a la Ciudadan\u00eda<\/p>\n<p>Rindi\u00f3 Cuentas a las Ciudadan\u00eda en el plazo establecido<\/p>\n<p>Incorporaci\u00f3n de los aportes ciudadanos en el Informe de Rendici\u00f3n de Cuentas<\/p>\n<\/div><\/div>\n<div class=\"su-accordion su-u-trim\"><\/div><div class=\"su-spoiler su-spoiler-style-default su-spoiler-icon-plus su-spoiler-closed\" data-scroll-offset=\"0\" data-anchor-in-url=\"no\"><div class=\"su-spoiler-title\" tabindex=\"0\" role=\"button\"><span class=\"su-spoiler-icon\"><\/span>Fase 4: Entrega de Informe de rendici\u00f3n de cuentas al CPCCS<\/div><div class=\"su-spoiler-content su-u-clearfix su-u-trim\">\n<p>Entrega del Informe de Rendici\u00f3n de Cuentas al CPCCS, a trav\u00e9s del ingreso del informe en el sistema virtual<\/p>\n<p>Informe de Rendici\u00f3n de Cuentas 2025<\/p>\n<\/div><\/div>[\/vc_wp_text][\/vc_accordion_tab][vc_accordion_tab title=&#8221;2024&#8243;][vc_wp_text]\n<h2><strong>2024<\/strong><\/h2>\n<div class=\"su-accordion su-u-trim\"><\/div><div class=\"su-spoiler su-spoiler-style-default su-spoiler-icon-plus su-spoiler-closed\" data-scroll-offset=\"0\" data-anchor-in-url=\"no\"><div class=\"su-spoiler-title\" tabindex=\"0\" role=\"button\"><span class=\"su-spoiler-icon\"><\/span>Fase 0: Organizaci\u00f3n Institucional<\/div><div class=\"su-spoiler-content su-u-clearfix su-u-trim\">\n<p><a href=\"http:\/\/uartesep.gob.ec\/wp-content\/uploads\/2025\/05\/UAEP-GG-2025-0006-M.pdf\">Conformaci\u00f3n del Equipo de Rendici\u00f3n de Cuentas 2024<\/a><\/p>\n<p><a href=\"http:\/\/uartesep.gob.ec\/wp-content\/uploads\/2025\/05\/Diseno-de-la-propuesta-de-Rendicion-de-Cuentas.pdf\">Dise\u00f1o de la propuesta del proceso de Rendici\u00f3n de Cuentas 2024<\/a><\/p>\n<\/div><\/div>\n<div class=\"su-accordion su-u-trim\"><\/div><div class=\"su-spoiler su-spoiler-style-default su-spoiler-icon-plus su-spoiler-closed\" data-scroll-offset=\"0\" data-anchor-in-url=\"no\"><div class=\"su-spoiler-title\" tabindex=\"0\" role=\"button\"><span class=\"su-spoiler-icon\"><\/span>Fase 1: Elaboraci\u00f3n de Informe de Rendici\u00f3n de Cuentas<\/div><div class=\"su-spoiler-content su-u-clearfix su-u-trim\">\n<p><a href=\"http:\/\/uartesep.gob.ec\/wp-content\/uploads\/2025\/06\/UAEP-GG-2025-0022-M.pdf\">Socializaci\u00f3n interna y aprobaci\u00f3n del Informe de Rendici\u00f3n de Cuentas 2024<\/a><\/p>\n<p><a href=\"http:\/\/uartesep.gob.ec\/wp-content\/uploads\/2025\/06\/Informe-de-Rendicion-de-Cuentas-2024.pdf\">Informe de Rendici\u00f3n de Cuentas 2024<\/a><\/p>\n<p><a href=\"http:\/\/uartesep.gob.ec\/wp-content\/uploads\/2025\/06\/Formulario-preliminar-Rendicion-de-Cuentas-2024.pdf\">Llenado del formulario del Informe de Rendici\u00f3n de Cuentas 2024 establecido por el CPCCS<\/a><\/p>\n<p><a href=\"http:\/\/uartesep.gob.ec\/wp-content\/uploads\/2025\/06\/Informe-de-seguimiento-al-Plan-Operativo-Anual-2024.pdf\">Evaluaci\u00f3n de Gesti\u00f3n Institucional 2024<\/a><\/p>\n<\/div><\/div>\n<div class=\"su-accordion su-u-trim\"><\/div><div class=\"su-spoiler su-spoiler-style-default su-spoiler-icon-plus su-spoiler-closed\" data-scroll-offset=\"0\" data-anchor-in-url=\"no\"><div class=\"su-spoiler-title\" tabindex=\"0\" role=\"button\"><span class=\"su-spoiler-icon\"><\/span>Fase 2: Presentaci\u00f3n a la ciudadan\u00eda del Informe de Rendici\u00f3n de Cuentas<\/div><div class=\"su-spoiler-content su-u-clearfix su-u-trim\">\n<p><a href=\"http:\/\/uartesep.gob.ec\/wp-content\/uploads\/2025\/08\/Invitacion-a-evento-de-Rendicion-de-Cuentas-2024-de-la-Empresa-Publica-de-la-Universidad-de-las-Artes-UArtes-EP.pdf\">Difusi\u00f3n del Informe de Rendici\u00f3n de Cuentas<\/a><\/p>\n<p><a href=\"http:\/\/uartesep.gob.ec\/wp-content\/uploads\/2025\/08\/Invitacion-a-evento-de-Rendicion-de-Cuentas-2024-de-la-Empresa-Publica-de-la-Universidad-de-las-Artes-UArtes-EP.pdf\">Planificaci\u00f3n de los eventos participativos<\/a><\/p>\n<p><a href=\"https:\/\/www.youtube.com\/watch?v=aia8vtmRAgk\">Realizaci\u00f3n del evento de Rendici\u00f3n de Cuentas a la Ciudadan\u00eda<\/a><\/p>\n<div class=\"ast-oembed-container \" style=\"height: 100%;\"><iframe loading=\"lazy\" title=\"Rendici\u00f3n de Cuentas 2024\" width=\"500\" height=\"281\" src=\"https:\/\/www.youtube.com\/embed\/aia8vtmRAgk?feature=oembed\" frameborder=\"0\" allow=\"accelerometer; autoplay; clipboard-write; encrypted-media; gyroscope; picture-in-picture; web-share\" referrerpolicy=\"strict-origin-when-cross-origin\" allowfullscreen><\/iframe><\/div>\n<p>&nbsp;<\/p>\n<p><a href=\"http:\/\/uartesep.gob.ec\/wp-content\/uploads\/2025\/08\/Rindio-Cuentas-a-las-Ciudadania-en-el-plazo-establecido.pdf\">Rindi\u00f3 Cuentas a las Ciudadan\u00eda en el plazo establecido<\/a><\/p>\n<p><a href=\"http:\/\/uartesep.gob.ec\/wp-content\/uploads\/2025\/08\/Acta-de-Compromiso-Rendicion-de-Cuentas-2024-ok-signed-signed.pdf\">Incorporaci\u00f3n de los aportes ciudadanos en el Informe de Rendici\u00f3n de Cuentas <\/a><\/p>\n<\/div><\/div>\n<div class=\"su-accordion su-u-trim\"><\/div><div class=\"su-spoiler su-spoiler-style-default su-spoiler-icon-plus su-spoiler-closed\" data-scroll-offset=\"0\" data-anchor-in-url=\"no\"><div class=\"su-spoiler-title\" tabindex=\"0\" role=\"button\"><span class=\"su-spoiler-icon\"><\/span>Fase 3: Entrega de Informe de rendici\u00f3n de cuentas al CPCCS<\/div><div class=\"su-spoiler-content su-u-clearfix su-u-trim\">\n<p><a href=\"http:\/\/uartesep.gob.ec\/wp-content\/uploads\/2025\/08\/Entrega-del-Informe-de-RC-al-CPCCS.pdf\">Entrega del Informe de Rendici\u00f3n de Cuentas al CPCCS, a trav\u00e9s del ingreso del informe en el sistema virtual<\/a><\/p>\n<p><a href=\"http:\/\/uartesep.gob.ec\/wp-content\/uploads\/2025\/08\/Informe-de-RC-24.pdf\">Informe de Rendici\u00f3n de Cuentas 2024<\/a><\/p>\n<\/div><\/div>[\/vc_wp_text][\/vc_accordion_tab][vc_accordion_tab title=&#8221;2023&#8243;][vc_wp_text]\n<h2><strong>2023<\/strong><\/h2>\n<div class=\"su-accordion su-u-trim\"><\/div><div class=\"su-spoiler su-spoiler-style-default su-spoiler-icon-plus su-spoiler-closed\" data-scroll-offset=\"0\" data-anchor-in-url=\"no\"><div class=\"su-spoiler-title\" tabindex=\"0\" role=\"button\"><span class=\"su-spoiler-icon\"><\/span>Fase 0: Organizaci\u00f3n Institucional<\/div><div class=\"su-spoiler-content su-u-clearfix su-u-trim\">\n<p><a href=\"https:\/\/www.uartes.edu.ec\/sitio\/download\/conformacion-del-equipo-de-rendicion-de-cuentas-2023\/?wpdmdl=56108&amp;refresh=66f494a302aeb1727304867\">Conformaci\u00f3n del Equipo de Rendici\u00f3n de Cuentas 2023<\/a><\/p>\n<p><a href=\"https:\/\/www.uartes.edu.ec\/sitio\/download\/diseno-de-la-propuesta-del-proceso-de-rendicion-de-cuentas-2023\/?wpdmdl=56107&amp;refresh=66f494a3799f11727304867\">Dise\u00f1o de la propuesta del proceso de Rendici\u00f3n de Cuentas 2023<\/a><\/p>\n<\/div><\/div>\n<div class=\"su-accordion su-u-trim\"><\/div><div class=\"su-spoiler su-spoiler-style-default su-spoiler-icon-plus su-spoiler-closed\" data-scroll-offset=\"0\" data-anchor-in-url=\"no\"><div class=\"su-spoiler-title\" tabindex=\"0\" role=\"button\"><span class=\"su-spoiler-icon\"><\/span>Fase 1: Elaboraci\u00f3n de Informe de Rendici\u00f3n de Cuentas<\/div><div class=\"su-spoiler-content su-u-clearfix su-u-trim\">\n<p><a href=\"https:\/\/www.uartes.edu.ec\/sitio\/download\/evaluacion-de-gestion-institucional-2023\/?wpdmdl=56109&amp;refresh=66f494a4002f91727304868\">Evaluaci\u00f3n de Gesti\u00f3n Institucional 2023<\/a><\/p>\n<p><a href=\"https:\/\/www.uartes.edu.ec\/sitio\/download\/llenado-del-formulario-del-informe-de-rendicion-de-cuentas-establecido-por-el-cpccs-2\/?wpdmdl=56111&amp;refresh=66f494a478dea1727304868\">Llenado del formulario del informe de Rendici\u00f3n de Cuentas establecido por el CPCCS<\/a><\/p>\n<p><a href=\"https:\/\/www.uartes.edu.ec\/sitio\/download\/informe-preliminar-de-rendicion-de-cuentas-2023\/?wpdmdl=56110&amp;refresh=66f494a4f13a71727304868\">Informe preliminar de Rendici\u00f3n de Cuentas 2023<\/a><\/p>\n<p><a href=\"https:\/\/www.uartes.edu.ec\/sitio\/download\/socializacion-interna-y-aprobacion-del-informe-de-rendicion-de-cuentas-2\/?wpdmdl=56391&amp;refresh=66f494a5769ba1727304869\">Socializaci\u00f3n interna y aprobaci\u00f3n del informe de rendici\u00f3n de cuentas<\/a><\/p>\n<\/div><\/div>\n<div class=\"su-accordion su-u-trim\"><\/div><div class=\"su-spoiler su-spoiler-style-default su-spoiler-icon-plus su-spoiler-closed\" data-scroll-offset=\"0\" data-anchor-in-url=\"no\"><div class=\"su-spoiler-title\" tabindex=\"0\" role=\"button\"><span class=\"su-spoiler-icon\"><\/span>Fase 2: Presentaci\u00f3n a la ciudadan\u00eda del Informe de Rendici\u00f3n de Cuentas<\/div><div class=\"su-spoiler-content su-u-clearfix su-u-trim\">\n<p><a href=\"https:\/\/www.uartes.edu.ec\/sitio\/download\/difusion-del-informe-de-rendicion-de-cuentas\/?wpdmdl=56390&amp;refresh=66f494a5ed25c1727304869\">Difusi\u00f3n del Informe de Rendici\u00f3n de Cuentas<\/a><\/p>\n<p><a href=\"https:\/\/www.uartes.edu.ec\/sitio\/download\/realizacion-del-evento-de-rendicion-de-cuentas-a-la-ciudadania\/?wpdmdl=56398&amp;refresh=66f494a67031d1727304870\">Realizaci\u00f3n del evento de Rendici\u00f3n de Cuentas a la Ciudadan\u00eda<\/a><\/p>\n<p><a href=\"https:\/\/www.uartes.edu.ec\/sitio\/download\/incorporacion-de-los-aportes-ciudadanos-en-el-informe-de-rendicion-de-cuentas-3\/?wpdmdl=56392&amp;refresh=66f494a6e7b081727304870\">Incorporaci\u00f3n de los aportes ciudadanos en el informe de rendici\u00f3n de cuentas<\/a><\/p>\n<\/div><\/div>\n<div class=\"su-accordion su-u-trim\"><\/div><div class=\"su-spoiler su-spoiler-style-default su-spoiler-icon-plus su-spoiler-closed\" data-scroll-offset=\"0\" data-anchor-in-url=\"no\"><div class=\"su-spoiler-title\" tabindex=\"0\" role=\"button\"><span class=\"su-spoiler-icon\"><\/span>Fase 3: Entrega de Informe de rendici\u00f3n de cuentas al CPCCS<\/div><div class=\"su-spoiler-content su-u-clearfix su-u-trim\">\n<p><a href=\"https:\/\/www.uartes.edu.ec\/sitio\/download\/entrega-del-informe-de-rendicion-de-cuentas-al-cpccs-a-traves-del-ingreso-del-informe-en-el-sistema-virtual-3\/?wpdmdl=56407&amp;refresh=66f494a76c1c31727304871\">Entrega del Informe de Rendici\u00f3n de Cuentas al CPCCS, a trav\u00e9s del Ingreso del informe en el sistema virtual<\/a><\/p>\n<p><a href=\"https:\/\/www.uartes.edu.ec\/sitio\/download\/informe-de-rendicion-de-cuentas-2023-2\/?wpdmdl=56410&amp;refresh=66f494a7e5d6b1727304871\">Informe de Rendici\u00f3n de Cuentas 2023<\/a><\/p>\n<\/div><\/div>[\/vc_wp_text][\/vc_accordion_tab][vc_accordion_tab title=&#8221;2022&#8243;][vc_wp_text]\n<h2><strong>2022<\/strong><\/h2>\n<div class=\"su-accordion su-u-trim\"><\/div><div class=\"su-spoiler su-spoiler-style-default su-spoiler-icon-plus su-spoiler-closed\" data-scroll-offset=\"0\" data-anchor-in-url=\"no\"><div class=\"su-spoiler-title\" tabindex=\"0\" role=\"button\"><span class=\"su-spoiler-icon\"><\/span>Fase 0: Organizaci\u00f3n Institucional<\/div><div class=\"su-spoiler-content su-u-clearfix su-u-trim\">\n<p><a href=\"https:\/\/www.uartes.edu.ec\/sitio\/download\/conformacion-de-equipo-de-rendicion-de-cuentas-uartes-ep\/?wpdmdl=40383&amp;refresh=66f494a86a6bf1727304872\">Conformaci\u00f3n de Equipo de Rendici\u00f3n de Cuentas &#8211; UARTES EP<\/a><\/p>\n<p><a href=\"https:\/\/www.uartes.edu.ec\/sitio\/download\/diseno-de-la-propuesta-del-proceso-de-rendicion-de-cuentas-uartes-ep\/?wpdmdl=40382&amp;refresh=66f494a8e94b01727304872\">Dise\u00f1o de la Propuesta del Proceso de Rendici\u00f3n de Cuentas &#8211; UARTES EP<\/a><\/p>\n<\/div><\/div>\n<div class=\"su-accordion su-u-trim\"><\/div><div class=\"su-spoiler su-spoiler-style-default su-spoiler-icon-plus su-spoiler-closed\" data-scroll-offset=\"0\" data-anchor-in-url=\"no\"><div class=\"su-spoiler-title\" tabindex=\"0\" role=\"button\"><span class=\"su-spoiler-icon\"><\/span>Fase 1: Elaboraci\u00f3n de Informe de Rendici\u00f3n de Cuentas<\/div><div class=\"su-spoiler-content su-u-clearfix su-u-trim\">\n<p><a href=\"https:\/\/www.uartes.edu.ec\/sitio\/download\/evaluacion-de-la-gestion-institucional-2\/?wpdmdl=41635&amp;refresh=66f494a97557d1727304873\">Evaluaci\u00f3n de la gesti\u00f3n institucional<\/a><\/p>\n<p><a href=\"https:\/\/www.uartes.edu.ec\/sitio\/download\/formulario-preliminar-rendicion-de-cuentas-2022\/?wpdmdl=41634&amp;refresh=66f494a9f2efd1727304873\">Formulario Preliminar Rendici\u00f3n de Cuentas 2022<\/a><\/p>\n<p><a href=\"https:\/\/www.uartes.edu.ec\/sitio\/download\/redaccion-de-informe-de-rendicion-de-cuentas-2022\/?wpdmdl=41633&amp;refresh=66f494aa7a8c71727304874\">Redacci\u00f3n de Informe de Rendici\u00f3n de Cuentas 2022<\/a><\/p>\n<p><a href=\"https:\/\/www.uartes.edu.ec\/sitio\/download\/socializacion-y-aprobacion-de-informe-de-rendicion-de-cuentas-2022\/?wpdmdl=41632&amp;refresh=66f494ab009cc1727304875\">Socializaci\u00f3n y Aprobaci\u00f3n de Informe de Rendici\u00f3n de Cuentas 2022<\/a><\/p>\n<\/div><\/div>\n<div class=\"su-accordion su-u-trim\"><\/div><div class=\"su-spoiler su-spoiler-style-default su-spoiler-icon-plus su-spoiler-closed\" data-scroll-offset=\"0\" data-anchor-in-url=\"no\"><div class=\"su-spoiler-title\" tabindex=\"0\" role=\"button\"><span class=\"su-spoiler-icon\"><\/span>Fase 2: Presentaci\u00f3n a la ciudadan\u00eda del Informe de Rendici\u00f3n de Cuentas<\/div><div class=\"su-spoiler-content su-u-clearfix su-u-trim\">\n<p><a href=\"https:\/\/www.uartes.edu.ec\/sitio\/download\/invitacion-al-evento-de-rendicion-de-cuentas-2022\/?wpdmdl=43000&amp;refresh=66f494ab7a5521727304875\">Invitaci\u00f3n al Evento de Rendici\u00f3n de Cuentas 2022<\/a><\/p>\n<p><a href=\"https:\/\/www.uartes.edu.ec\/sitio\/download\/difusion-del-informe-de-rendicion-de-cuentas-a-traves-de-distintos-medios-3\/?wpdmdl=42999&amp;refresh=66f494abf31ff1727304875\">Difusi\u00f3n del Informe de Rendici\u00f3n de Cuentas a trav\u00e9s de distintos medios<\/a><\/p>\n<p><a href=\"https:\/\/www.uartes.edu.ec\/sitio\/download\/realizacion-del-evento-de-rendicion-de-cuentas\/?wpdmdl=42998&amp;refresh=66f494ac7bbca1727304876\">Realizaci\u00f3n del evento de Rendici\u00f3n de Cuentas<\/a><\/p>\n<p><a href=\"https:\/\/www.uartes.edu.ec\/sitio\/download\/incorporacion-de-aportes-ciudadanos-en-el-informe-de-rendicion-de-cuentas\/?wpdmdl=42997&amp;refresh=66f494ad003c51727304877\">Incorporaci\u00f3n de aportes ciudadanos en el Informe de Rendici\u00f3n de Cuentas<\/a><\/p>\n<\/div><\/div>\n<div class=\"su-accordion su-u-trim\"><\/div><div class=\"su-spoiler su-spoiler-style-default su-spoiler-icon-plus su-spoiler-closed\" data-scroll-offset=\"0\" data-anchor-in-url=\"no\"><div class=\"su-spoiler-title\" tabindex=\"0\" role=\"button\"><span class=\"su-spoiler-icon\"><\/span>Fase 3: Entrega de Informe de rendici\u00f3n de cuentas al CPCCS<\/div><div class=\"su-spoiler-content su-u-clearfix su-u-trim\">\n<p>&nbsp;<\/p>\n<\/div><\/div>[\/vc_wp_text][\/vc_accordion_tab][\/vc_accordion][vc_column_text][\/vc_column_text][\/vc_column][\/vc_row][vc_row][vc_column][vc_separator][\/vc_column][\/vc_row]\n<\/section>","protected":false},"excerpt":{"rendered":"<p>[vc_row][vc_column][vc_column_text] RENDICI\u00d3N DE CUENTAS [\/vc_column_text][\/vc_column][\/vc_row][vc_row][vc_column][vc_accordion][vc_accordion_tab title=&#8221;RENDICI\u00d3N DE CUENTAS&#8221;][vc_wp_text][\/vc_wp_text][\/vc_accordion_tab][vc_accordion_tab title=&#8221;2025&#8243;][vc_wp_text] 2025 [\/vc_wp_text][\/vc_accordion_tab][vc_accordion_tab title=&#8221;2024&#8243;][vc_wp_text] 2024 [\/vc_wp_text][\/vc_accordion_tab][vc_accordion_tab title=&#8221;2023&#8243;][vc_wp_text] 2023 [\/vc_wp_text][\/vc_accordion_tab][vc_accordion_tab title=&#8221;2022&#8243;][vc_wp_text] 2022 [\/vc_wp_text][\/vc_accordion_tab][\/vc_accordion][vc_column_text][\/vc_column_text][\/vc_column][\/vc_row][vc_row][vc_column][vc_separator][\/vc_column][\/vc_row]<\/p>\n","protected":false},"author":1,"featured_media":0,"parent":0,"menu_order":0,"comment_status":"closed","ping_status":"closed","template":"","meta":{"site-sidebar-layout":"no-sidebar","site-content-layout":"plain-container","ast-site-content-layout":"default","site-content-style":"default","site-sidebar-style":"default","ast-global-header-display":"","ast-banner-title-visibility":"","ast-main-header-display":"","ast-hfb-above-header-display":"","ast-hfb-below-header-display":"","ast-hfb-mobile-header-display":"","site-post-title":"disabled","ast-breadcrumbs-content":"","ast-featured-img":"disabled","footer-sml-layout":"","theme-transparent-header-meta":"default","adv-header-id-meta":"","stick-header-meta":"","header-above-stick-meta":"","header-main-stick-meta":"","header-below-stick-meta":"","astra-migrate-meta-layouts":"set","ast-page-background-enabled":"default","ast-page-background-meta":{"desktop":{"background-color":"var(--ast-global-color-4)","background-image":"","background-repeat":"repeat","background-position":"center center","background-size":"auto","background-attachment":"scroll","background-type":"","background-media":"","overlay-type":"","overlay-color":"","overlay-opacity":"","overlay-gradient":""},"tablet":{"background-color":"","background-image":"","background-repeat":"repeat","background-position":"center center","background-size":"auto","background-attachment":"scroll","background-type":"","background-media":"","overlay-type":"","overlay-color":"","overlay-opacity":"","overlay-gradient":""},"mobile":{"background-color":"","background-image":"","background-repeat":"repeat","background-position":"center center","background-size":"auto","background-attachment":"scroll","background-type":"","background-media":"","overlay-type":"","overlay-color":"","overlay-opacity":"","overlay-gradient":""}},"ast-content-background-meta":{"desktop":{"background-color":"var(--ast-global-color-5)","background-image":"","background-repeat":"repeat","background-position":"center center","background-size":"auto","background-attachment":"scroll","background-type":"","background-media":"","overlay-type":"","overlay-color":"","overlay-opacity":"","overlay-gradient":""},"tablet":{"background-color":"var(--ast-global-color-5)","background-image":"","background-repeat":"repeat","background-position":"center center","background-size":"auto","background-attachment":"scroll","background-type":"","background-media":"","overlay-type":"","overlay-color":"","overlay-opacity":"","overlay-gradient":""},"mobile":{"background-color":"var(--ast-global-color-5)","background-image":"","background-repeat":"repeat","background-position":"center center","background-size":"auto","background-attachment":"scroll","background-type":"","background-media":"","overlay-type":"","overlay-color":"","overlay-opacity":"","overlay-gradient":""}},"footnotes":""},"class_list":["post-1036","page","type-page","status-publish","hentry"],"_links":{"self":[{"href":"https:\/\/uartesep.gob.ec\/index.php\/wp-json\/wp\/v2\/pages\/1036","targetHints":{"allow":["GET"]}}],"collection":[{"href":"https:\/\/uartesep.gob.ec\/index.php\/wp-json\/wp\/v2\/pages"}],"about":[{"href":"https:\/\/uartesep.gob.ec\/index.php\/wp-json\/wp\/v2\/types\/page"}],"author":[{"embeddable":true,"href":"https:\/\/uartesep.gob.ec\/index.php\/wp-json\/wp\/v2\/users\/1"}],"replies":[{"embeddable":true,"href":"https:\/\/uartesep.gob.ec\/index.php\/wp-json\/wp\/v2\/comments?post=1036"}],"version-history":[{"count":32,"href":"https:\/\/uartesep.gob.ec\/index.php\/wp-json\/wp\/v2\/pages\/1036\/revisions"}],"predecessor-version":[{"id":2822,"href":"https:\/\/uartesep.gob.ec\/index.php\/wp-json\/wp\/v2\/pages\/1036\/revisions\/2822"}],"wp:attachment":[{"href":"https:\/\/uartesep.gob.ec\/index.php\/wp-json\/wp\/v2\/media?parent=1036"}],"curies":[{"name":"wp","href":"https:\/\/api.w.org\/{rel}","templated":true}]}}